{"id":267,"date":"2017-06-21T08:08:52","date_gmt":"2017-06-21T08:08:52","guid":{"rendered":"http:\/\/dummy.xtemos.com\/woodmart\/?page_id=267"},"modified":"2023-05-05T08:28:40","modified_gmt":"2023-05-05T11:28:40","slug":"lista-de-desejos","status":"publish","type":"page","link":"https:\/\/vaidesite.com\/br\/lista-de-desejos\/","title":{"rendered":"Lista de Desejos"},"content":{"rendered":"\t\t\n\t\t\n\t\t<div class=\"\">\n\t\t\t\t\t\t<div class=\"wd-wishlist-content\">\n\t\t\t\t\t\t\t\t\t\t\t\n\t\t<p class=\"wd-empty-wishlist wd-empty-page\">\n\t\t\tLista de desejos est\u00e1 vazio.\t\t<\/p>\n\n\t\t\t\t\t<div class=\"wd-empty-page-text\">\n\t\t\t\tVoc\u00ea ainda n\u00e3o tem nenhum produto na lista de desejos. <br> Navegue at\u00e9 a \"Loja de Sites\" e escolha um modelo segundo sua necessidade : )\t\t\t<\/div>\n\t\t\n\t\t\n\t\t\t\t\t<p class=\"return-to-shop\">\n\t\t\t\t<a class=\"button\" href=\"https:\/\/vaidesite.com\/br\/loja\/\">\n\t\t\t\t\tVoltar para a loja\t\t\t\t<\/a>\n\t\t\t<\/p>\n\t\t\t\t\t\t\t\t\t\t\t<\/div>\n\t\t\t\t<\/div>\n\t\t\n","protected":false},"excerpt":{"rendered":"Lista de desejos est\u00e1 vazio. Voc\u00ea ainda n\u00e3o tem nenhum produto na lista de desejos. Navegue at\u00e9 a \"Loja de","protected":false},"author":1,"featured_media":0,"parent":0,"menu_order":0,"comment_status":"closed","ping_status":"closed","template":"","meta":{"_joinchat":[],"footnotes":""},"class_list":["post-267","page","type-page","status-publish","hentry"],"yoast_head":"<!-- This site is optimized with the Yoast SEO plugin v27.4 - https:\/\/yoast.com\/product\/yoast-seo-wordpress\/ -->\n<title>Lista de Desejos - Cria\u00e7\u00e3o de Site Barato por 49,90 - Vai de Site<\/title>\n<meta name=\"description\" content=\"Lista de Desejos Vai de Site Barato por Assinatura Recorrente. Adicione o seu Site Institucional, Landing Page, ou Loja Virtual.\" \/>\n<meta name=\"robots\" content=\"index, follow, max-snippet:-1, max-image-preview:large, max-video-preview:-1\" \/>\n<link rel=\"canonical\" href=\"https:\/\/vaidesite.com\/br\/lista-de-desejos\/\" \/>\n<meta property=\"og:locale\" content=\"pt_BR\" \/>\n<meta property=\"og:type\" content=\"article\" \/>\n<meta property=\"og:title\" content=\"Lista de Desejos - Cria\u00e7\u00e3o de Site Barato por 49,90 - Vai de Site\" \/>\n<meta property=\"og:description\" content=\"Lista de Desejos Vai de Site Barato por Assinatura Recorrente. Adicione o seu Site Institucional, Landing Page, ou Loja Virtual.\" \/>\n<meta property=\"og:url\" content=\"https:\/\/vaidesite.com\/br\/lista-de-desejos\/\" \/>\n<meta property=\"og:site_name\" content=\"Cria\u00e7\u00e3o de Site Barato por 49,90 - Vai de Site\" \/>\n<meta property=\"article:modified_time\" content=\"2023-05-05T11:28:40+00:00\" \/>\n<meta name=\"twitter:card\" content=\"summary_large_image\" \/>\n<meta name=\"twitter:label1\" content=\"Est. tempo de leitura\" \/>\n\t<meta name=\"twitter:data1\" content=\"1 minuto\" \/>\n<script type=\"application\/ld+json\" class=\"yoast-schema-graph\">{\"@context\":\"https:\\\/\\\/schema.org\",\"@graph\":[{\"@type\":\"WebPage\",\"@id\":\"https:\\\/\\\/vaidesite.com\\\/lista-de-desejos\\\/\",\"url\":\"https:\\\/\\\/vaidesite.com\\\/lista-de-desejos\\\/\",\"name\":\"Lista de Desejos - Cria\u00e7\u00e3o de Site Barato por 49,90 - Vai de Site\",\"isPartOf\":{\"@id\":\"https:\\\/\\\/vaidesite.com\\\/#website\"},\"datePublished\":\"2017-06-21T08:08:52+00:00\",\"dateModified\":\"2023-05-05T11:28:40+00:00\",\"description\":\"Lista de Desejos Vai de Site Barato por Assinatura Recorrente. Adicione o seu Site Institucional, Landing Page, ou Loja Virtual.\",\"breadcrumb\":{\"@id\":\"https:\\\/\\\/vaidesite.com\\\/lista-de-desejos\\\/#breadcrumb\"},\"inLanguage\":\"pt-BR\",\"potentialAction\":[{\"@type\":\"ReadAction\",\"target\":[\"https:\\\/\\\/vaidesite.com\\\/lista-de-desejos\\\/\"]}]},{\"@type\":\"BreadcrumbList\",\"@id\":\"https:\\\/\\\/vaidesite.com\\\/lista-de-desejos\\\/#breadcrumb\",\"itemListElement\":[{\"@type\":\"ListItem\",\"position\":1,\"name\":\"In\u00edcio\",\"item\":\"https:\\\/\\\/vaidesite.com\\\/\"},{\"@type\":\"ListItem\",\"position\":2,\"name\":\"Lista de Desejos\"}]},{\"@type\":\"WebSite\",\"@id\":\"https:\\\/\\\/vaidesite.com\\\/#website\",\"url\":\"https:\\\/\\\/vaidesite.com\\\/\",\"name\":\"Cria\u00e7\u00e3o de Site Barato por 49,90 - Vai de Site\",\"description\":\"Cria\u00e7\u00e3o e desenvolvimento de site barato em Wordpress. De Curitiba para todo o Brasil! \",\"potentialAction\":[{\"@type\":\"SearchAction\",\"target\":{\"@type\":\"EntryPoint\",\"urlTemplate\":\"https:\\\/\\\/vaidesite.com\\\/?s={search_term_string}\"},\"query-input\":{\"@type\":\"PropertyValueSpecification\",\"valueRequired\":true,\"valueName\":\"search_term_string\"}}],\"inLanguage\":\"pt-BR\"}]}<\/script>\n<!-- \/ Yoast SEO plugin. -->","yoast_head_json":{"title":"Lista de Desejos - Cria\u00e7\u00e3o de Site Barato por 49,90 - Vai de Site","description":"Lista de Desejos Vai de Site Barato por Assinatura Recorrente. Adicione o seu Site Institucional, Landing Page, ou Loja Virtual.","robots":{"index":"index","follow":"follow","max-snippet":"max-snippet:-1","max-image-preview":"max-image-preview:large","max-video-preview":"max-video-preview:-1"},"canonical":"https:\/\/vaidesite.com\/br\/lista-de-desejos\/","og_locale":"pt_BR","og_type":"article","og_title":"Lista de Desejos - Cria\u00e7\u00e3o de Site Barato por 49,90 - Vai de Site","og_description":"Lista de Desejos Vai de Site Barato por Assinatura Recorrente. Adicione o seu Site Institucional, Landing Page, ou Loja Virtual.","og_url":"https:\/\/vaidesite.com\/br\/lista-de-desejos\/","og_site_name":"Cria\u00e7\u00e3o de Site Barato por 49,90 - Vai de Site","article_modified_time":"2023-05-05T11:28:40+00:00","twitter_card":"summary_large_image","twitter_misc":{"Est. tempo de leitura":"1 minuto"},"schema":{"@context":"https:\/\/schema.org","@graph":[{"@type":"WebPage","@id":"https:\/\/vaidesite.com\/lista-de-desejos\/","url":"https:\/\/vaidesite.com\/lista-de-desejos\/","name":"Lista de Desejos - Cria\u00e7\u00e3o de Site Barato por 49,90 - Vai de Site","isPartOf":{"@id":"https:\/\/vaidesite.com\/#website"},"datePublished":"2017-06-21T08:08:52+00:00","dateModified":"2023-05-05T11:28:40+00:00","description":"Lista de Desejos Vai de Site Barato por Assinatura Recorrente. Adicione o seu Site Institucional, Landing Page, ou Loja Virtual.","breadcrumb":{"@id":"https:\/\/vaidesite.com\/lista-de-desejos\/#breadcrumb"},"inLanguage":"pt-BR","potentialAction":[{"@type":"ReadAction","target":["https:\/\/vaidesite.com\/lista-de-desejos\/"]}]},{"@type":"BreadcrumbList","@id":"https:\/\/vaidesite.com\/lista-de-desejos\/#breadcrumb","itemListElement":[{"@type":"ListItem","position":1,"name":"In\u00edcio","item":"https:\/\/vaidesite.com\/"},{"@type":"ListItem","position":2,"name":"Lista de Desejos"}]},{"@type":"WebSite","@id":"https:\/\/vaidesite.com\/#website","url":"https:\/\/vaidesite.com\/","name":"Cria\u00e7\u00e3o de Site Barato por 49,90 - Vai de Site","description":"Cria\u00e7\u00e3o e desenvolvimento de site barato em Wordpress. De Curitiba para todo o Brasil! ","potentialAction":[{"@type":"SearchAction","target":{"@type":"EntryPoint","urlTemplate":"https:\/\/vaidesite.com\/?s={search_term_string}"},"query-input":{"@type":"PropertyValueSpecification","valueRequired":true,"valueName":"search_term_string"}}],"inLanguage":"pt-BR"}]}},"_links":{"self":[{"href":"https:\/\/vaidesite.com\/br\/wp-json\/wp\/v2\/pages\/267","targetHints":{"allow":["GET"]}}],"collection":[{"href":"https:\/\/vaidesite.com\/br\/wp-json\/wp\/v2\/pages"}],"about":[{"href":"https:\/\/vaidesite.com\/br\/wp-json\/wp\/v2\/types\/page"}],"author":[{"embeddable":true,"href":"https:\/\/vaidesite.com\/br\/wp-json\/wp\/v2\/users\/1"}],"replies":[{"embeddable":true,"href":"https:\/\/vaidesite.com\/br\/wp-json\/wp\/v2\/comments?post=267"}],"version-history":[{"count":2,"href":"https:\/\/vaidesite.com\/br\/wp-json\/wp\/v2\/pages\/267\/revisions"}],"predecessor-version":[{"id":7349,"href":"https:\/\/vaidesite.com\/br\/wp-json\/wp\/v2\/pages\/267\/revisions\/7349"}],"wp:attachment":[{"href":"https:\/\/vaidesite.com\/br\/wp-json\/wp\/v2\/media?parent=267"}],"curies":[{"name":"wp","href":"https:\/\/api.w.org\/{rel}","templated":true}]}}