{"id":3206,"date":"2021-08-09T14:57:48","date_gmt":"2021-08-09T14:57:48","guid":{"rendered":"http:\/\/dummy.xtemos.com\/woodmart2\/?page_id=3206"},"modified":"2024-10-17T15:34:05","modified_gmt":"2024-10-17T18:34:05","slug":"criacao-e-desenvolvimento-de-site-barato-o-que-saber-antes-e-depois","status":"publish","type":"page","link":"https:\/\/vaidesite.com\/br\/criacao-e-desenvolvimento-de-site-barato-o-que-saber-antes-e-depois\/","title":{"rendered":"O que eu preciso saber antes e depois de assinar um site?"},"content":{"rendered":"<div class=\"wpb-content-wrapper\"><div class=\"vc_row wpb_row vc_row-fluid\"><div class=\"wpb_column vc_column_container vc_col-sm-12\"><div class=\"vc_column-inner\"><div class=\"wpb_wrapper\">\n\t\t<div id=\"wd-67111c2117d8c\" class=\"title-wrapper wd-wpb wd-set-mb reset-last-child  wd-rs-67111c2117d8c wd-title-color-default wd-title-style-default text-left  wd-underline-colored\">\n\t\t\t\n\t\t\t<div class=\"liner-continer\">\n\t\t\t\t<h4 class=\"woodmart-title-container title  wd-font-weight- wd-fontsize-l\" >Cria\u00e7\u00e3o e Desenvolvimento de Site Barato, o que eu preciso saber antes e depois de assinar?<\/h4>\n\t\t\t\t\t\t\t<\/div>\n\t\t\t\n\t\t\t\t\t\t\t<div class=\"title-after_title reset-last-child  wd-fontsize-xs\">Tudo que voc\u00ea precisa saber antes de contratar a Cria\u00e7\u00e3o de um Site Barato<\/div>\n\t\t\t\n\t\t\t\n\t\t<\/div>\n\t\t\n\t\t<\/div><\/div><\/div><\/div><div class=\"vc_row wpb_row vc_row-fluid wpb_animate_when_almost_visible wpb_fadeIn fadeIn vc_custom_1681500845558 vc_row-o-equal-height vc_row-flex wd-rs-6439aa987e27c\"><div class=\"wpb_column vc_column_container vc_col-sm-12 vc_col-lg-6 vc_col-md-6 vc_col-has-fill\"><div class=\"vc_column-inner vc_custom_1496938621896\"><div class=\"wpb_wrapper\">\n\t\t<div id=\"wd-67115879a20af\" class=\"title-wrapper wd-wpb wd-set-mb reset-last-child  wd-rs-67115879a20af wd-title-color-default wd-title-style-default text-left  wd-underline-colored\">\n\t\t\t\n\t\t\t<div class=\"liner-continer\">\n\t\t\t\t<h4 class=\"woodmart-title-container title  wd-font-weight- wd-fontsize-l\" >CRIA\u00c7\u00c3O E DESENVOLVIMENTO DE SITES BARATOS POR ASSINATURA<\/h4>\n\t\t\t\t\t\t\t<\/div>\n\t\t\t\n\t\t\t\n\t\t\t\n\t\t<\/div>\n\t\t\n\t\t\n\t\t<div id=\"wd-618257e807c2a\" class=\"wd-accordion wd-wpb wd-rs-618257e807c2a  wd-style-default wd-titles-left wd-opener-pos-right wd-opener-style-arrow\" data-state=\"first\">\n\t\t\t\t\t\t\t\n\t\t\t\t\n\t\t\t\t<div class=\"wd-accordion-item\">\n\t\t\t\t\t<div class=\"wd-accordion-title wd-active font-text wd-fontsize-s wd-font-weight-600\" data-accordion-index=\"0\">\n\t\t\t\t\t\t<div class=\"wd-accordion-title-text\">\n\t\t\t\t\t\t\t\t\t\t\t\t\t\t<span>\n\t\t\t\t\t\t\t\tO que \u00e9? E como funciona?\t\t\t\t\t\t\t<\/span>\n\t\t\t\t\t\t<\/div>\n\t\t\t\t\t\t<span class=\"wd-accordion-opener\"><\/span>\n\t\t\t\t\t<\/div>\n\n\t\t\t\t\t<div class=\"wd-accordion-content wd-entry-content wd-active\" data-accordion-index=\"0\">\n\t\t\t\t\t\t\t\t\t\t\t\t\t<p>Site barato, pago mensalmente, no estilo assinatura recorrente da Netflix<\/p>\n<p>&nbsp;<\/p>\n<p>O QUE EST\u00c1 INCLUSO<\/p>\n<ul>\n<li>Cria\u00e7\u00e3o do Site<\/li>\n<li>Dom\u00ednio<\/li>\n<li>Hospedagem<\/li>\n<li>E-mail Profissional<\/li>\n<\/ul>\n\t\t\t\t\t\t\t\t\t\t\t<\/div>\n\t\t\t\t<\/div>\n\t\t\t\t\t\t\t\n\t\t\t\t\n\t\t\t\t<div class=\"wd-accordion-item\">\n\t\t\t\t\t<div class=\"wd-accordion-title font-text wd-fontsize-s wd-font-weight-600\" data-accordion-index=\"1\">\n\t\t\t\t\t\t<div class=\"wd-accordion-title-text\">\n\t\t\t\t\t\t\t\t\t\t\t\t\t\t<span>\n\t\t\t\t\t\t\t\tSe eu quiser desistir?\t\t\t\t\t\t\t<\/span>\n\t\t\t\t\t\t<\/div>\n\t\t\t\t\t\t<span class=\"wd-accordion-opener\"><\/span>\n\t\t\t\t\t<\/div>\n\n\t\t\t\t\t<div class=\"wd-accordion-content wd-entry-content\" data-accordion-index=\"1\">\n\t\t\t\t\t\t\t\t\t\t\t\t\t<p>Voc\u00ea pode desistir\/cancelar at\u00e9 7dias, sem fidelidade, sem taxas, sem chatices.<\/p>\n\t\t\t\t\t\t\t\t\t\t\t<\/div>\n\t\t\t\t<\/div>\n\t\t\t\t\t\t\t\n\t\t\t\t\n\t\t\t\t<div class=\"wd-accordion-item\">\n\t\t\t\t\t<div class=\"wd-accordion-title font-text wd-fontsize-s wd-font-weight-600\" data-accordion-index=\"2\">\n\t\t\t\t\t\t<div class=\"wd-accordion-title-text\">\n\t\t\t\t\t\t\t\t\t\t\t\t\t\t<span>\n\t\t\t\t\t\t\t\tComo cancelar?\t\t\t\t\t\t\t<\/span>\n\t\t\t\t\t\t<\/div>\n\t\t\t\t\t\t<span class=\"wd-accordion-opener\"><\/span>\n\t\t\t\t\t<\/div>\n\n\t\t\t\t\t<div class=\"wd-accordion-content wd-entry-content\" data-accordion-index=\"2\">\n\t\t\t\t\t\t\t\t\t\t\t\t\t<p>Voc\u00ea pode cancelar quando quiser. S\u00f3 encaminhar um e-mail para nossa equipe e faremos o cancelamento, sem burocracia e sem chatice.<\/p>\n\t\t\t\t\t\t\t\t\t\t\t<\/div>\n\t\t\t\t<\/div>\n\t\t\t\t\t\t\t\t\t\t\t\t\t\t<\/div>\n\n\t\t<\/div><\/div><\/div><div class=\"wpb_column vc_column_container vc_col-sm-12 vc_col-lg-6 vc_col-md-6\"><div class=\"vc_column-inner vc_custom_1496938627545\"><div class=\"wpb_wrapper\">\n\t\t<div id=\"wd-66d60934e0c6a\" class=\"title-wrapper wd-wpb wd-set-mb reset-last-child  wd-rs-66d60934e0c6a wd-title-color-default wd-title-style-default text-left  wd-underline-colored\">\n\t\t\t\n\t\t\t<div class=\"liner-continer\">\n\t\t\t\t<h4 class=\"woodmart-title-container title  wd-font-weight- wd-fontsize-l\" >ASSINEI A CRIA\u00c7\u00c3O DO VAI DE SITE BARATO, E AGORA?<\/h4>\n\t\t\t\t\t\t\t<\/div>\n\t\t\t\n\t\t\t\n\t\t\t\n\t\t<\/div>\n\t\t\n\t\t\n\t\t<div id=\"wd-618257efccdb8\" class=\"wd-accordion wd-wpb wd-rs-618257efccdb8  wd-style-default wd-titles-left wd-opener-pos-right wd-opener-style-arrow\" data-state=\"first\">\n\t\t\t\t\t\t\t\n\t\t\t\t\n\t\t\t\t<div class=\"wd-accordion-item\">\n\t\t\t\t\t<div class=\"wd-accordion-title wd-active font-text wd-fontsize-s wd-font-weight-600\" data-accordion-index=\"0\">\n\t\t\t\t\t\t<div class=\"wd-accordion-title-text\">\n\t\t\t\t\t\t\t\t\t\t\t\t\t\t<span>\n\t\t\t\t\t\t\t\tContratei a cria\u00e7\u00e3o de um site, o que preciso fazer agora?\t\t\t\t\t\t\t<\/span>\n\t\t\t\t\t\t<\/div>\n\t\t\t\t\t\t<span class=\"wd-accordion-opener\"><\/span>\n\t\t\t\t\t<\/div>\n\n\t\t\t\t\t<div class=\"wd-accordion-content wd-entry-content wd-active\" data-accordion-index=\"0\">\n\t\t\t\t\t\t\t\t\t\t\t\t\t<p><span class=\"S1PPyQ\">Para darmos in\u00edcio na cria\u00e7\u00e3o do site precisamos das informa\u00e7\u00f5es abaixo:<\/span><\/p>\n<p>Enviar este conte\u00fado por e-mail ou whatsApp;<\/p>\n<p class=\"_04xlpA direction-ltr align-justify para-style-body\"><strong><span class=\"S1PPyQ\">Dom\u00ednio<\/span><\/strong><span class=\"S1PPyQ\">, o nome que deseja para seu site, como por exemplo, www.meusite.com.br;<\/span><\/p>\n<p class=\"_04xlpA direction-ltr align-justify para-style-body\"><strong><span class=\"S1PPyQ\">Conte\u00fado<\/span><\/strong><\/p>\n<ul>\n<li><span class=\"S1PPyQ\">Textos f<\/span><span class=\"S1PPyQ\">alando de sua empresa;<\/span><\/li>\n<li><span class=\"S1PPyQ\">Tempo que est\u00e1 no mercado <\/span>(para descri\u00e7\u00e3o da empresa, texto breve de at\u00e9 150 palavras)<\/li>\n<li><span class=\"S1PPyQ\">Qual seu servi\u00e7o ou produto <\/span>(para descri\u00e7\u00e3o de produtos, texto breve de at\u00e9 20 palavras)<\/li>\n<\/ul>\n<p class=\"_04xlpA direction-ltr align-justify para-style-body\"><strong><span class=\"S1PPyQ\">Fotos<\/span><\/strong><\/p>\n<ul>\n<li><span class=\"S1PPyQ\">at\u00e9 20 fotos<\/span><\/li>\n<\/ul>\n<p><strong>Dados da Empresa<\/strong><\/p>\n<ul>\n<li class=\"_04xlpA direction-ltr align-justify para-style-body\"><span class=\"S1PPyQ\">Endere\u00e7o , Telefone (WhatsApp) e Redes Sociais<\/span><\/li>\n<\/ul>\n<p><em>* Importante lembrar que a cria\u00e7\u00e3o e desenvolvimento do seu site ter\u00e1 in\u00edcio <\/em><em>\u00e0 partir do momento que recebermos todas as informa\u00e7\u00f5es.<\/em><em>\u00a0<\/em><\/p>\n\t\t\t\t\t\t\t\t\t\t\t<\/div>\n\t\t\t\t<\/div>\n\t\t\t\t\t\t\t\n\t\t\t\t\n\t\t\t\t<div class=\"wd-accordion-item\">\n\t\t\t\t\t<div class=\"wd-accordion-title font-text wd-fontsize-s wd-font-weight-600\" data-accordion-index=\"1\">\n\t\t\t\t\t\t<div class=\"wd-accordion-title-text\">\n\t\t\t\t\t\t\t\t\t\t\t\t\t\t<span>\n\t\t\t\t\t\t\t\tPrazo para envio de conte\u00fado?\t\t\t\t\t\t\t<\/span>\n\t\t\t\t\t\t<\/div>\n\t\t\t\t\t\t<span class=\"wd-accordion-opener\"><\/span>\n\t\t\t\t\t<\/div>\n\n\t\t\t\t\t<div class=\"wd-accordion-content wd-entry-content\" data-accordion-index=\"1\">\n\t\t\t\t\t\t\t\t\t\t\t\t\t<p>Prazo 7 dias \u00fateis, para enviar conte\u00fado (conteudo@vaidesite.com.br); ap\u00f3s o envio, a Vai de Site concluir\u00e1 a cria\u00e7\u00e3o do site no prazo de at\u00e9 7dias \u00fateis;<\/p>\n<p><em>*Para o site se concluso dentro do prazo esperado, \u00e9 muito importante o envio do conte\u00fado<\/em><\/p>\n\t\t\t\t\t\t\t\t\t\t\t<\/div>\n\t\t\t\t<\/div>\n\t\t\t\t\t\t\t\n\t\t\t\t\n\t\t\t\t<div class=\"wd-accordion-item\">\n\t\t\t\t\t<div class=\"wd-accordion-title font-text wd-fontsize-s wd-font-weight-600\" data-accordion-index=\"2\">\n\t\t\t\t\t\t<div class=\"wd-accordion-title-text\">\n\t\t\t\t\t\t\t\t\t\t\t\t\t\t<span>\n\t\t\t\t\t\t\t\tPrazo para conclus\u00e3o da cria\u00e7\u00e3o e desenvolvimento do site?\t\t\t\t\t\t\t<\/span>\n\t\t\t\t\t\t<\/div>\n\t\t\t\t\t\t<span class=\"wd-accordion-opener\"><\/span>\n\t\t\t\t\t<\/div>\n\n\t\t\t\t\t<div class=\"wd-accordion-content wd-entry-content\" data-accordion-index=\"2\">\n\t\t\t\t\t\t\t\t\t\t\t\t\t<p>A Vai de Site concluir\u00e1 a cria\u00e7\u00e3o do site no prazo de at\u00e9 7 dias \u00fateis; ap\u00f3s o envio, do conte\u00fado no e-mail (conteudo@vaidesite.com.br) ou no whatsApp;<\/p>\n<p>PRAZO PODE SER ALTERADO<\/p>\n<p>Se o conte\u00fado para cria\u00e7\u00e3o e desenvolvimento do site n\u00e3o for encaminhado dentro de at\u00e9 7 dias \u00fateis, o prazo de conclus\u00e3o do site pode ser alterado, conforme a fila de demanda do time de cria\u00e7\u00e3o de sites.<\/p>\n\t\t\t\t\t\t\t\t\t\t\t<\/div>\n\t\t\t\t<\/div>\n\t\t\t\t\t\t\t\t\t\t\t\t\t\t<\/div>\n\n\t\t<\/div><\/div><\/div><\/div>\n<\/div>","protected":false},"excerpt":{"rendered":"Cria\u00e7\u00e3o e Desenvolvimento de Site Barato, o que eu preciso saber antes e depois de assinar? Tudo que voc\u00ea precisa","protected":false},"author":1,"featured_media":0,"parent":0,"menu_order":0,"comment_status":"closed","ping_status":"closed","template":"","meta":{"_joinchat":[],"footnotes":""},"class_list":["post-3206","page","type-page","status-publish","hentry"],"yoast_head":"<!-- This site is optimized with the Yoast SEO plugin v27.5 - https:\/\/yoast.com\/product\/yoast-seo-wordpress\/ -->\n<title>O que eu preciso saber antes e depois de assinar um site? - Cria\u00e7\u00e3o de Site Barato por 49,90 - Vai de Site<\/title>\n<meta name=\"robots\" content=\"index, follow, max-snippet:-1, max-image-preview:large, max-video-preview:-1\" \/>\n<link rel=\"canonical\" href=\"https:\/\/vaidesite.com\/br\/criacao-e-desenvolvimento-de-site-barato-o-que-saber-antes-e-depois\/\" \/>\n<meta property=\"og:locale\" content=\"pt_BR\" \/>\n<meta property=\"og:type\" content=\"article\" \/>\n<meta property=\"og:title\" content=\"O que eu preciso saber antes e depois de assinar um site? - Cria\u00e7\u00e3o de Site Barato por 49,90 - Vai de Site\" \/>\n<meta property=\"og:url\" content=\"https:\/\/vaidesite.com\/br\/criacao-e-desenvolvimento-de-site-barato-o-que-saber-antes-e-depois\/\" \/>\n<meta property=\"og:site_name\" content=\"Cria\u00e7\u00e3o de Site Barato por 49,90 - Vai de Site\" \/>\n<meta property=\"article:modified_time\" content=\"2024-10-17T18:34:05+00:00\" \/>\n<meta name=\"twitter:card\" content=\"summary_large_image\" \/>\n<meta name=\"twitter:label1\" content=\"Est. tempo de leitura\" \/>\n\t<meta name=\"twitter:data1\" content=\"3 minutos\" \/>\n<script type=\"application\/ld+json\" class=\"yoast-schema-graph\">{\"@context\":\"https:\\\/\\\/schema.org\",\"@graph\":[{\"@type\":\"WebPage\",\"@id\":\"https:\\\/\\\/vaidesite.com\\\/criacao-e-desenvolvimento-de-site-barato-o-que-saber-antes-e-depois\\\/\",\"url\":\"https:\\\/\\\/vaidesite.com\\\/criacao-e-desenvolvimento-de-site-barato-o-que-saber-antes-e-depois\\\/\",\"name\":\"O que eu preciso saber antes e depois de assinar um site? - Cria\u00e7\u00e3o de Site Barato por 49,90 - Vai de Site\",\"isPartOf\":{\"@id\":\"https:\\\/\\\/vaidesite.com\\\/#website\"},\"datePublished\":\"2021-08-09T14:57:48+00:00\",\"dateModified\":\"2024-10-17T18:34:05+00:00\",\"breadcrumb\":{\"@id\":\"https:\\\/\\\/vaidesite.com\\\/criacao-e-desenvolvimento-de-site-barato-o-que-saber-antes-e-depois\\\/#breadcrumb\"},\"inLanguage\":\"pt-BR\",\"potentialAction\":[{\"@type\":\"ReadAction\",\"target\":[\"https:\\\/\\\/vaidesite.com\\\/criacao-e-desenvolvimento-de-site-barato-o-que-saber-antes-e-depois\\\/\"]}]},{\"@type\":\"BreadcrumbList\",\"@id\":\"https:\\\/\\\/vaidesite.com\\\/criacao-e-desenvolvimento-de-site-barato-o-que-saber-antes-e-depois\\\/#breadcrumb\",\"itemListElement\":[{\"@type\":\"ListItem\",\"position\":1,\"name\":\"In\u00edcio\",\"item\":\"https:\\\/\\\/vaidesite.com\\\/\"},{\"@type\":\"ListItem\",\"position\":2,\"name\":\"O que eu preciso saber antes e depois de assinar um site?\"}]},{\"@type\":\"WebSite\",\"@id\":\"https:\\\/\\\/vaidesite.com\\\/#website\",\"url\":\"https:\\\/\\\/vaidesite.com\\\/\",\"name\":\"Cria\u00e7\u00e3o de Site Barato por 49,90 - Vai de Site\",\"description\":\"Cria\u00e7\u00e3o e desenvolvimento de site barato em Wordpress. De Curitiba para todo o Brasil! \",\"potentialAction\":[{\"@type\":\"SearchAction\",\"target\":{\"@type\":\"EntryPoint\",\"urlTemplate\":\"https:\\\/\\\/vaidesite.com\\\/?s={search_term_string}\"},\"query-input\":{\"@type\":\"PropertyValueSpecification\",\"valueRequired\":true,\"valueName\":\"search_term_string\"}}],\"inLanguage\":\"pt-BR\"}]}<\/script>\n<!-- \/ Yoast SEO plugin. -->","yoast_head_json":{"title":"O que eu preciso saber antes e depois de assinar um site? - Cria\u00e7\u00e3o de Site Barato por 49,90 - Vai de Site","robots":{"index":"index","follow":"follow","max-snippet":"max-snippet:-1","max-image-preview":"max-image-preview:large","max-video-preview":"max-video-preview:-1"},"canonical":"https:\/\/vaidesite.com\/br\/criacao-e-desenvolvimento-de-site-barato-o-que-saber-antes-e-depois\/","og_locale":"pt_BR","og_type":"article","og_title":"O que eu preciso saber antes e depois de assinar um site? - Cria\u00e7\u00e3o de Site Barato por 49,90 - Vai de Site","og_url":"https:\/\/vaidesite.com\/br\/criacao-e-desenvolvimento-de-site-barato-o-que-saber-antes-e-depois\/","og_site_name":"Cria\u00e7\u00e3o de Site Barato por 49,90 - Vai de Site","article_modified_time":"2024-10-17T18:34:05+00:00","twitter_card":"summary_large_image","twitter_misc":{"Est. tempo de leitura":"3 minutos"},"schema":{"@context":"https:\/\/schema.org","@graph":[{"@type":"WebPage","@id":"https:\/\/vaidesite.com\/criacao-e-desenvolvimento-de-site-barato-o-que-saber-antes-e-depois\/","url":"https:\/\/vaidesite.com\/criacao-e-desenvolvimento-de-site-barato-o-que-saber-antes-e-depois\/","name":"O que eu preciso saber antes e depois de assinar um site? - Cria\u00e7\u00e3o de Site Barato por 49,90 - Vai de Site","isPartOf":{"@id":"https:\/\/vaidesite.com\/#website"},"datePublished":"2021-08-09T14:57:48+00:00","dateModified":"2024-10-17T18:34:05+00:00","breadcrumb":{"@id":"https:\/\/vaidesite.com\/criacao-e-desenvolvimento-de-site-barato-o-que-saber-antes-e-depois\/#breadcrumb"},"inLanguage":"pt-BR","potentialAction":[{"@type":"ReadAction","target":["https:\/\/vaidesite.com\/criacao-e-desenvolvimento-de-site-barato-o-que-saber-antes-e-depois\/"]}]},{"@type":"BreadcrumbList","@id":"https:\/\/vaidesite.com\/criacao-e-desenvolvimento-de-site-barato-o-que-saber-antes-e-depois\/#breadcrumb","itemListElement":[{"@type":"ListItem","position":1,"name":"In\u00edcio","item":"https:\/\/vaidesite.com\/"},{"@type":"ListItem","position":2,"name":"O que eu preciso saber antes e depois de assinar um site?"}]},{"@type":"WebSite","@id":"https:\/\/vaidesite.com\/#website","url":"https:\/\/vaidesite.com\/","name":"Cria\u00e7\u00e3o de Site Barato por 49,90 - Vai de Site","description":"Cria\u00e7\u00e3o e desenvolvimento de site barato em Wordpress. De Curitiba para todo o Brasil! ","potentialAction":[{"@type":"SearchAction","target":{"@type":"EntryPoint","urlTemplate":"https:\/\/vaidesite.com\/?s={search_term_string}"},"query-input":{"@type":"PropertyValueSpecification","valueRequired":true,"valueName":"search_term_string"}}],"inLanguage":"pt-BR"}]}},"_links":{"self":[{"href":"https:\/\/vaidesite.com\/br\/wp-json\/wp\/v2\/pages\/3206","targetHints":{"allow":["GET"]}}],"collection":[{"href":"https:\/\/vaidesite.com\/br\/wp-json\/wp\/v2\/pages"}],"about":[{"href":"https:\/\/vaidesite.com\/br\/wp-json\/wp\/v2\/types\/page"}],"author":[{"embeddable":true,"href":"https:\/\/vaidesite.com\/br\/wp-json\/wp\/v2\/users\/1"}],"replies":[{"embeddable":true,"href":"https:\/\/vaidesite.com\/br\/wp-json\/wp\/v2\/comments?post=3206"}],"version-history":[{"count":11,"href":"https:\/\/vaidesite.com\/br\/wp-json\/wp\/v2\/pages\/3206\/revisions"}],"predecessor-version":[{"id":8739,"href":"https:\/\/vaidesite.com\/br\/wp-json\/wp\/v2\/pages\/3206\/revisions\/8739"}],"wp:attachment":[{"href":"https:\/\/vaidesite.com\/br\/wp-json\/wp\/v2\/media?parent=3206"}],"curies":[{"name":"wp","href":"https:\/\/api.w.org\/{rel}","templated":true}]}}