{"id":10019,"date":"2026-01-29T22:04:40","date_gmt":"2026-01-30T01:04:40","guid":{"rendered":"https:\/\/vaidesite.com\/?post_type=product&#038;p=10019"},"modified":"2026-04-18T17:12:27","modified_gmt":"2026-04-18T20:12:27","slug":"site-landing-page-para-trafego-pago-no-google-ads-e-meta","status":"publish","type":"product","link":"https:\/\/vaidesite.com\/br\/loja\/criacao-de-site-barato\/site-landing-page-para-trafego-pago-no-google-ads-e-meta\/","title":{"rendered":"Site Landing Page para Tr\u00e1fego Pago no Google Ads e Meta"},"content":{"rendered":"","protected":false},"excerpt":{"rendered":"<p><strong>Cria\u00e7\u00e3o de Site Landing Page de Alta Convers\u00e3o<\/strong>, Vendas, Cursos, PDF&#8217;s, Treinamentos e Cursos<\/p>\n<p>Site de p\u00e1gina \u00fanica, com banner para destaque ao servi\u00e7o prestado, <strong>galeria de fotos<\/strong>, <strong>Depoimentos<\/strong>, e <strong>FAQ<\/strong> para responder a principais d\u00favidas do seu cliente, desenvolvido em <strong>Wordpress<\/strong>.<\/p>\n<p>Alguns dos objetivos deste site s\u00e3o; demostrar um produto, sua marca, ou sua empresa.<br \/>\nA <strong>Hospedagem do Site \u00e9 gratuita, <\/strong>j\u00e1 esta <strong>inclusa<\/strong> em todos nossos sites.<\/p>\n<p><strong>Entregamos o Site Pronto e Funcionando em 3 dias.<\/strong><\/p>\n","protected":false},"featured_media":10022,"comment_status":"closed","ping_status":"closed","template":"","meta":{"_joinchat":[]},"product_brand":[],"product_cat":[22,50,30,43,34],"product_tag":[157,99,94,112,123,122,95,1141,97,1142],"class_list":{"0":"post-10019","1":"product","2":"type-product","3":"status-publish","4":"has-post-thumbnail","6":"product_cat-criacao-de-site-barato","7":"product_cat-criacao-de-site-responsivo","8":"product_cat-landing-page","9":"product_cat-site-criado-em-wordpress","10":"product_cat-site-por-assinatura","11":"product_tag-criacao-de-site-barato","12":"product_tag-hospedagem-de-site-gratis","13":"product_tag-landing-page-de-alta-conversao","14":"product_tag-registro-de-dominio-gratuito","15":"product_tag-site-barato-para-autonomos","16":"product_tag-site-barato-para-empresarios","17":"product_tag-site-em-wordpress","18":"product_tag-site-para-trafego-pago","19":"product_tag-site-por-assinatura","20":"product_tag-trafego-google-ads-e-meta","22":"first","23":"instock","24":"sale","25":"shipping-taxable","26":"purchasable","27":"product-type-variable-subscription","28":"has-default-attributes"},"yoast_head":"<!-- This site is optimized with the Yoast SEO plugin v27.5 - https:\/\/yoast.com\/product\/yoast-seo-wordpress\/ -->\n<title>Site Landing Page para Tr\u00e1fego Pago no Google Ads e Meta - Cria\u00e7\u00e3o de Site Barato por 49,90 - Vai de Site<\/title>\n<meta name=\"description\" content=\"Cria\u00e7\u00e3o de Site para Pol\u00edticos, Vereadores, Prefeitos, Senadores, Governadores e Deputados Estaduais e Federais.\" \/>\n<meta name=\"robots\" content=\"index, follow, max-snippet:-1, max-image-preview:large, max-video-preview:-1\" \/>\n<link rel=\"canonical\" href=\"https:\/\/vaidesite.com\/br\/loja\/criacao-de-site-barato\/site-landing-page-para-trafego-pago-no-google-ads-e-meta\/\" \/>\n<meta property=\"og:locale\" content=\"pt_BR\" \/>\n<meta property=\"og:type\" content=\"article\" \/>\n<meta property=\"og:title\" content=\"Site Landing Page para Tr\u00e1fego Pago no Google Ads e Meta - Cria\u00e7\u00e3o de Site Barato por 49,90 - Vai de Site\" \/>\n<meta property=\"og:description\" content=\"Cria\u00e7\u00e3o de Site para Pol\u00edticos, Vereadores, Prefeitos, Senadores, Governadores e Deputados Estaduais e Federais.\" \/>\n<meta property=\"og:url\" content=\"https:\/\/vaidesite.com\/br\/loja\/criacao-de-site-barato\/site-landing-page-para-trafego-pago-no-google-ads-e-meta\/\" \/>\n<meta property=\"og:site_name\" content=\"Cria\u00e7\u00e3o de Site Barato por 49,90 - Vai de Site\" \/>\n<meta property=\"article:modified_time\" content=\"2026-04-18T20:12:27+00:00\" \/>\n<meta property=\"og:image\" content=\"https:\/\/vaidesite.com\/wp-content\/uploads\/2026\/01\/site-landing-page-trafego-pago-google-e-meta.webp\" \/>\n\t<meta property=\"og:image:width\" content=\"550\" \/>\n\t<meta property=\"og:image:height\" content=\"850\" \/>\n\t<meta property=\"og:image:type\" content=\"image\/webp\" \/>\n<meta name=\"twitter:card\" content=\"summary_large_image\" \/>\n<meta name=\"twitter:label1\" content=\"Est. tempo de leitura\" \/>\n\t<meta name=\"twitter:data1\" content=\"1 minuto\" \/>\n<script type=\"application\/ld+json\" class=\"yoast-schema-graph\">{\"@context\":\"https:\\\/\\\/schema.org\",\"@graph\":[{\"@type\":\"WebPage\",\"@id\":\"https:\\\/\\\/vaidesite.com\\\/loja\\\/criacao-de-site-barato\\\/site-landing-page-para-trafego-pago-no-google-ads-e-meta\\\/\",\"url\":\"https:\\\/\\\/vaidesite.com\\\/loja\\\/criacao-de-site-barato\\\/site-landing-page-para-trafego-pago-no-google-ads-e-meta\\\/\",\"name\":\"Site Landing Page para Tr\u00e1fego Pago no Google Ads e Meta - Cria\u00e7\u00e3o de Site Barato por 49,90 - Vai de Site\",\"isPartOf\":{\"@id\":\"https:\\\/\\\/vaidesite.com\\\/#website\"},\"primaryImageOfPage\":{\"@id\":\"https:\\\/\\\/vaidesite.com\\\/loja\\\/criacao-de-site-barato\\\/site-landing-page-para-trafego-pago-no-google-ads-e-meta\\\/#primaryimage\"},\"image\":{\"@id\":\"https:\\\/\\\/vaidesite.com\\\/loja\\\/criacao-de-site-barato\\\/site-landing-page-para-trafego-pago-no-google-ads-e-meta\\\/#primaryimage\"},\"thumbnailUrl\":\"https:\\\/\\\/vaidesite.com\\\/wp-content\\\/uploads\\\/2026\\\/01\\\/site-landing-page-trafego-pago-google-e-meta.webp\",\"datePublished\":\"2026-01-30T01:04:40+00:00\",\"dateModified\":\"2026-04-18T20:12:27+00:00\",\"description\":\"Cria\u00e7\u00e3o de Site para Pol\u00edticos, Vereadores, Prefeitos, Senadores, Governadores e Deputados Estaduais e Federais.\",\"breadcrumb\":{\"@id\":\"https:\\\/\\\/vaidesite.com\\\/loja\\\/criacao-de-site-barato\\\/site-landing-page-para-trafego-pago-no-google-ads-e-meta\\\/#breadcrumb\"},\"inLanguage\":\"pt-BR\",\"potentialAction\":[{\"@type\":\"ReadAction\",\"target\":[\"https:\\\/\\\/vaidesite.com\\\/loja\\\/criacao-de-site-barato\\\/site-landing-page-para-trafego-pago-no-google-ads-e-meta\\\/\"]}]},{\"@type\":\"ImageObject\",\"inLanguage\":\"pt-BR\",\"@id\":\"https:\\\/\\\/vaidesite.com\\\/loja\\\/criacao-de-site-barato\\\/site-landing-page-para-trafego-pago-no-google-ads-e-meta\\\/#primaryimage\",\"url\":\"https:\\\/\\\/vaidesite.com\\\/wp-content\\\/uploads\\\/2026\\\/01\\\/site-landing-page-trafego-pago-google-e-meta.webp\",\"contentUrl\":\"https:\\\/\\\/vaidesite.com\\\/wp-content\\\/uploads\\\/2026\\\/01\\\/site-landing-page-trafego-pago-google-e-meta.webp\",\"width\":550,\"height\":850,\"caption\":\"Site Landing Page Tr\u00e1fego Pago Google e Meta\"},{\"@type\":\"BreadcrumbList\",\"@id\":\"https:\\\/\\\/vaidesite.com\\\/loja\\\/criacao-de-site-barato\\\/site-landing-page-para-trafego-pago-no-google-ads-e-meta\\\/#breadcrumb\",\"itemListElement\":[{\"@type\":\"ListItem\",\"position\":1,\"name\":\"In\u00edcio\",\"item\":\"https:\\\/\\\/vaidesite.com\\\/\"},{\"@type\":\"ListItem\",\"position\":2,\"name\":\"Cria\u00e7\u00e3o de Site Profissional a partir de 49,90 mensais\",\"item\":\"https:\\\/\\\/vaidesite.com\\\/loja\\\/\"},{\"@type\":\"ListItem\",\"position\":3,\"name\":\"Site Landing Page para Tr\u00e1fego Pago no Google Ads e Meta\"}]},{\"@type\":\"WebSite\",\"@id\":\"https:\\\/\\\/vaidesite.com\\\/#website\",\"url\":\"https:\\\/\\\/vaidesite.com\\\/\",\"name\":\"Cria\u00e7\u00e3o de Site Barato por 49,90 - Vai de Site\",\"description\":\"Cria\u00e7\u00e3o e desenvolvimento de site barato em Wordpress. De Curitiba para todo o Brasil! \",\"potentialAction\":[{\"@type\":\"SearchAction\",\"target\":{\"@type\":\"EntryPoint\",\"urlTemplate\":\"https:\\\/\\\/vaidesite.com\\\/?s={search_term_string}\"},\"query-input\":{\"@type\":\"PropertyValueSpecification\",\"valueRequired\":true,\"valueName\":\"search_term_string\"}}],\"inLanguage\":\"pt-BR\"}]}<\/script>\n<!-- \/ Yoast SEO plugin. -->","yoast_head_json":{"title":"Site Landing Page para Tr\u00e1fego Pago no Google Ads e Meta - Cria\u00e7\u00e3o de Site Barato por 49,90 - Vai de Site","description":"Cria\u00e7\u00e3o de Site para Pol\u00edticos, Vereadores, Prefeitos, Senadores, Governadores e Deputados Estaduais e Federais.","robots":{"index":"index","follow":"follow","max-snippet":"max-snippet:-1","max-image-preview":"max-image-preview:large","max-video-preview":"max-video-preview:-1"},"canonical":"https:\/\/vaidesite.com\/br\/loja\/criacao-de-site-barato\/site-landing-page-para-trafego-pago-no-google-ads-e-meta\/","og_locale":"pt_BR","og_type":"article","og_title":"Site Landing Page para Tr\u00e1fego Pago no Google Ads e Meta - Cria\u00e7\u00e3o de Site Barato por 49,90 - Vai de Site","og_description":"Cria\u00e7\u00e3o de Site para Pol\u00edticos, Vereadores, Prefeitos, Senadores, Governadores e Deputados Estaduais e Federais.","og_url":"https:\/\/vaidesite.com\/br\/loja\/criacao-de-site-barato\/site-landing-page-para-trafego-pago-no-google-ads-e-meta\/","og_site_name":"Cria\u00e7\u00e3o de Site Barato por 49,90 - Vai de Site","article_modified_time":"2026-04-18T20:12:27+00:00","og_image":[{"width":550,"height":850,"url":"https:\/\/vaidesite.com\/wp-content\/uploads\/2026\/01\/site-landing-page-trafego-pago-google-e-meta.webp","type":"image\/webp"}],"twitter_card":"summary_large_image","twitter_misc":{"Est. tempo de leitura":"1 minuto"},"schema":{"@context":"https:\/\/schema.org","@graph":[{"@type":"WebPage","@id":"https:\/\/vaidesite.com\/loja\/criacao-de-site-barato\/site-landing-page-para-trafego-pago-no-google-ads-e-meta\/","url":"https:\/\/vaidesite.com\/loja\/criacao-de-site-barato\/site-landing-page-para-trafego-pago-no-google-ads-e-meta\/","name":"Site Landing Page para Tr\u00e1fego Pago no Google Ads e Meta - Cria\u00e7\u00e3o de Site Barato por 49,90 - Vai de Site","isPartOf":{"@id":"https:\/\/vaidesite.com\/#website"},"primaryImageOfPage":{"@id":"https:\/\/vaidesite.com\/loja\/criacao-de-site-barato\/site-landing-page-para-trafego-pago-no-google-ads-e-meta\/#primaryimage"},"image":{"@id":"https:\/\/vaidesite.com\/loja\/criacao-de-site-barato\/site-landing-page-para-trafego-pago-no-google-ads-e-meta\/#primaryimage"},"thumbnailUrl":"https:\/\/vaidesite.com\/wp-content\/uploads\/2026\/01\/site-landing-page-trafego-pago-google-e-meta.webp","datePublished":"2026-01-30T01:04:40+00:00","dateModified":"2026-04-18T20:12:27+00:00","description":"Cria\u00e7\u00e3o de Site para Pol\u00edticos, Vereadores, Prefeitos, Senadores, Governadores e Deputados Estaduais e Federais.","breadcrumb":{"@id":"https:\/\/vaidesite.com\/loja\/criacao-de-site-barato\/site-landing-page-para-trafego-pago-no-google-ads-e-meta\/#breadcrumb"},"inLanguage":"pt-BR","potentialAction":[{"@type":"ReadAction","target":["https:\/\/vaidesite.com\/loja\/criacao-de-site-barato\/site-landing-page-para-trafego-pago-no-google-ads-e-meta\/"]}]},{"@type":"ImageObject","inLanguage":"pt-BR","@id":"https:\/\/vaidesite.com\/loja\/criacao-de-site-barato\/site-landing-page-para-trafego-pago-no-google-ads-e-meta\/#primaryimage","url":"https:\/\/vaidesite.com\/wp-content\/uploads\/2026\/01\/site-landing-page-trafego-pago-google-e-meta.webp","contentUrl":"https:\/\/vaidesite.com\/wp-content\/uploads\/2026\/01\/site-landing-page-trafego-pago-google-e-meta.webp","width":550,"height":850,"caption":"Site Landing Page Tr\u00e1fego Pago Google e Meta"},{"@type":"BreadcrumbList","@id":"https:\/\/vaidesite.com\/loja\/criacao-de-site-barato\/site-landing-page-para-trafego-pago-no-google-ads-e-meta\/#breadcrumb","itemListElement":[{"@type":"ListItem","position":1,"name":"In\u00edcio","item":"https:\/\/vaidesite.com\/"},{"@type":"ListItem","position":2,"name":"Cria\u00e7\u00e3o de Site Profissional a partir de 49,90 mensais","item":"https:\/\/vaidesite.com\/loja\/"},{"@type":"ListItem","position":3,"name":"Site Landing Page para Tr\u00e1fego Pago no Google Ads e Meta"}]},{"@type":"WebSite","@id":"https:\/\/vaidesite.com\/#website","url":"https:\/\/vaidesite.com\/","name":"Cria\u00e7\u00e3o de Site Barato por 49,90 - Vai de Site","description":"Cria\u00e7\u00e3o e desenvolvimento de site barato em Wordpress. De Curitiba para todo o Brasil! ","potentialAction":[{"@type":"SearchAction","target":{"@type":"EntryPoint","urlTemplate":"https:\/\/vaidesite.com\/?s={search_term_string}"},"query-input":{"@type":"PropertyValueSpecification","valueRequired":true,"valueName":"search_term_string"}}],"inLanguage":"pt-BR"}]}},"_links":{"self":[{"href":"https:\/\/vaidesite.com\/br\/wp-json\/wp\/v2\/product\/10019","targetHints":{"allow":["GET"]}}],"collection":[{"href":"https:\/\/vaidesite.com\/br\/wp-json\/wp\/v2\/product"}],"about":[{"href":"https:\/\/vaidesite.com\/br\/wp-json\/wp\/v2\/types\/product"}],"replies":[{"embeddable":true,"href":"https:\/\/vaidesite.com\/br\/wp-json\/wp\/v2\/comments?post=10019"}],"wp:featuredmedia":[{"embeddable":true,"href":"https:\/\/vaidesite.com\/br\/wp-json\/wp\/v2\/media\/10022"}],"wp:attachment":[{"href":"https:\/\/vaidesite.com\/br\/wp-json\/wp\/v2\/media?parent=10019"}],"wp:term":[{"taxonomy":"product_brand","embeddable":true,"href":"https:\/\/vaidesite.com\/br\/wp-json\/wp\/v2\/product_brand?post=10019"},{"taxonomy":"product_cat","embeddable":true,"href":"https:\/\/vaidesite.com\/br\/wp-json\/wp\/v2\/product_cat?post=10019"},{"taxonomy":"product_tag","embeddable":true,"href":"https:\/\/vaidesite.com\/br\/wp-json\/wp\/v2\/product_tag?post=10019"}],"curies":[{"name":"wp","href":"https:\/\/api.w.org\/{rel}","templated":true}]}}