{"id":1185,"date":"2017-06-13T07:23:45","date_gmt":"2017-06-13T10:23:45","guid":{"rendered":"http:\/\/dummy.xtemos.com\/woodmart2\/?post_type=product&#038;p=1185"},"modified":"2026-02-26T12:27:09","modified_gmt":"2026-02-26T15:27:09","slug":"site-barato-e-facil-para-empresas","status":"publish","type":"product","link":"https:\/\/vaidesite.com\/br\/loja\/criacao-de-site-barato\/site-barato-e-facil-para-empresas\/","title":{"rendered":"Site Barato e F\u00e1cil para Pequenas Empresas"},"content":{"rendered":"<div class=\"wpb-content-wrapper\"><div data-vc-full-width=\"true\" data-vc-full-width-temp=\"true\" data-vc-full-width-init=\"false\" data-vc-stretch-content=\"true\" class=\"vc_row wpb_row vc_row-fluid vc_row-no-padding wd-rs-648ef54a9f2b7\"><div class=\"wpb_column vc_column_container vc_col-sm-12 wd-rs-648efd270f8e2\"><div class=\"vc_column-inner\"><div class=\"wpb_wrapper\"><div  class=\"vc_wp_text wpb_content_element\"><div class=\"widget widget_text\">\t\t\t<div class=\"textwidget\"><p><iframe src=\"https:\/\/vaidesite.com\/site-barato-para-prestacao-de-servicos\/\" width=\"100%\"><\/iframe><\/p>\n<\/div>\n\t\t<\/div><\/div><\/div><\/div><\/div><\/div><div class=\"vc_row-full-width vc_clearfix\"><\/div>\n<\/div>","protected":false},"excerpt":{"rendered":"<p><strong>Site Barato e F\u00e1cil para Pequenas Empresas<\/strong>, <strong>Marido de Aluguel<\/strong> e prestadores de servi\u00e7os em geral.<\/p>\n<p>Site de p\u00e1gina \u00fanica, com banner para destaque ao servi\u00e7o prestado, <strong>galeria de fotos<\/strong>, <strong>Depoimentos<\/strong>, e <strong>FAQ<\/strong> para responder a principais d\u00favidas do seu cliente, desenvolvido em <strong>Wordpress<\/strong>.<\/p>\n<p>Alguns dos objetivos deste site s\u00e3o; demostrar seu produto, sua marca, ou sua empresa.<\/p>\n<p><strong>Site Pronto com Tudo Incluso<\/strong><\/p>\n<ol>\n<li>Cria\u00e7\u00e3o do Site<\/li>\n<li>Dom\u00ednio do Site Gr\u00e1tis<\/li>\n<li>Hospedagem do Site Gr\u00e1tis<\/li>\n<li>Manuten\u00e7\u00e3o do Site Gr\u00e1tis<\/li>\n<li>E-mail Profissional<\/li>\n<li>Formul\u00e1rio de Contato<\/li>\n<li>Bot\u00e3o do WhatsApp<\/li>\n<li>Certificado de Seguran\u00e7a<\/li>\n<\/ol>\n<p><strong>E o que voc\u00ea precisa fazer?<\/strong><\/p>\n<ol>\n<li>Assinar<\/li>\n<li>Mandar o conte\u00fado por e-mail (textos e fotos)<\/li>\n<li>E em 3 dias seu Site estar\u00e1 Pronto, simples assim!<\/li>\n<\/ol>\n","protected":false},"featured_media":7737,"comment_status":"closed","ping_status":"closed","template":"","meta":{"_joinchat":[]},"product_brand":[],"product_cat":[22,50,30,43,34],"product_tag":[99,94,112,96,95,114,115,113,97],"class_list":{"0":"post-1185","1":"product","2":"type-product","3":"status-publish","4":"has-post-thumbnail","6":"product_cat-criacao-de-site-barato","7":"product_cat-criacao-de-site-responsivo","8":"product_cat-landing-page","9":"product_cat-site-criado-em-wordpress","10":"product_cat-site-por-assinatura","11":"product_tag-hospedagem-de-site-gratis","12":"product_tag-landing-page-de-alta-conversao","13":"product_tag-registro-de-dominio-gratuito","14":"product_tag-site-barato","15":"product_tag-site-em-wordpress","16":"product_tag-site-para-marido-de-aluguel","17":"product_tag-site-para-pequenas-empresas","18":"product_tag-site-para-prestacao-de-servico","19":"product_tag-site-por-assinatura","21":"first","22":"instock","23":"sale","24":"shipping-taxable","25":"purchasable","26":"product-type-variable-subscription","27":"has-default-attributes"},"yoast_head":"<!-- This site is optimized with the Yoast SEO plugin v27.3 - https:\/\/yoast.com\/product\/yoast-seo-wordpress\/ -->\n<title>Site Barato e F\u00e1cil para Pequenas Empresas - Cria\u00e7\u00e3o de Site Barato por 49,90 - Vai de Site<\/title>\n<meta name=\"description\" content=\"Site barato e f\u00e1cil para empresas com dom\u00ednio e hospedagem gr\u00e1tis. Site com galeria de fotos, FAQ e Depoimentos, desenvolvido em Wordpress por apenas 59,00\" \/>\n<meta name=\"robots\" content=\"index, follow, max-snippet:-1, max-image-preview:large, max-video-preview:-1\" \/>\n<link rel=\"canonical\" href=\"https:\/\/vaidesite.com\/br\/loja\/criacao-de-site-barato\/site-barato-e-facil-para-empresas\/\" \/>\n<meta property=\"og:locale\" content=\"pt_BR\" \/>\n<meta property=\"og:type\" content=\"article\" \/>\n<meta property=\"og:title\" content=\"Site Barato e F\u00e1cil para Pequenas Empresas - Cria\u00e7\u00e3o de Site Barato por 49,90 - Vai de Site\" \/>\n<meta property=\"og:description\" content=\"Site barato e f\u00e1cil para empresas com dom\u00ednio e hospedagem gr\u00e1tis. Site com galeria de fotos, FAQ e Depoimentos, desenvolvido em Wordpress por apenas 59,00\" \/>\n<meta property=\"og:url\" content=\"https:\/\/vaidesite.com\/br\/loja\/criacao-de-site-barato\/site-barato-e-facil-para-empresas\/\" \/>\n<meta property=\"og:site_name\" content=\"Cria\u00e7\u00e3o de Site Barato por 49,90 - Vai de Site\" \/>\n<meta property=\"article:modified_time\" content=\"2026-02-26T15:27:09+00:00\" \/>\n<meta property=\"og:image\" content=\"https:\/\/vaidesite.com\/wp-content\/uploads\/2017\/06\/site-barato-em-wordpress-para-prestacao-de-servico.jpg\" \/>\n\t<meta property=\"og:image:width\" content=\"550\" \/>\n\t<meta property=\"og:image:height\" content=\"850\" \/>\n\t<meta property=\"og:image:type\" content=\"image\/jpeg\" \/>\n<meta name=\"twitter:card\" content=\"summary_large_image\" \/>\n<meta name=\"twitter:label1\" content=\"Est. tempo de leitura\" \/>\n\t<meta name=\"twitter:data1\" content=\"1 minuto\" \/>\n<script type=\"application\/ld+json\" class=\"yoast-schema-graph\">{\"@context\":\"https:\\\/\\\/schema.org\",\"@graph\":[{\"@type\":\"WebPage\",\"@id\":\"https:\\\/\\\/vaidesite.com\\\/loja\\\/criacao-de-site-barato\\\/site-barato-e-facil-para-empresas\\\/\",\"url\":\"https:\\\/\\\/vaidesite.com\\\/loja\\\/criacao-de-site-barato\\\/site-barato-e-facil-para-empresas\\\/\",\"name\":\"Site Barato e F\u00e1cil para Pequenas Empresas - Cria\u00e7\u00e3o de Site Barato por 49,90 - Vai de Site\",\"isPartOf\":{\"@id\":\"https:\\\/\\\/vaidesite.com\\\/#website\"},\"primaryImageOfPage\":{\"@id\":\"https:\\\/\\\/vaidesite.com\\\/loja\\\/criacao-de-site-barato\\\/site-barato-e-facil-para-empresas\\\/#primaryimage\"},\"image\":{\"@id\":\"https:\\\/\\\/vaidesite.com\\\/loja\\\/criacao-de-site-barato\\\/site-barato-e-facil-para-empresas\\\/#primaryimage\"},\"thumbnailUrl\":\"https:\\\/\\\/vaidesite.com\\\/wp-content\\\/uploads\\\/2017\\\/06\\\/site-barato-em-wordpress-para-prestacao-de-servico.jpg\",\"datePublished\":\"2017-06-13T10:23:45+00:00\",\"dateModified\":\"2026-02-26T15:27:09+00:00\",\"description\":\"Site barato e f\u00e1cil para empresas com dom\u00ednio e hospedagem gr\u00e1tis. Site com galeria de fotos, FAQ e Depoimentos, desenvolvido em Wordpress por apenas 59,00\",\"breadcrumb\":{\"@id\":\"https:\\\/\\\/vaidesite.com\\\/loja\\\/criacao-de-site-barato\\\/site-barato-e-facil-para-empresas\\\/#breadcrumb\"},\"inLanguage\":\"pt-BR\",\"potentialAction\":[{\"@type\":\"ReadAction\",\"target\":[\"https:\\\/\\\/vaidesite.com\\\/loja\\\/criacao-de-site-barato\\\/site-barato-e-facil-para-empresas\\\/\"]}]},{\"@type\":\"ImageObject\",\"inLanguage\":\"pt-BR\",\"@id\":\"https:\\\/\\\/vaidesite.com\\\/loja\\\/criacao-de-site-barato\\\/site-barato-e-facil-para-empresas\\\/#primaryimage\",\"url\":\"https:\\\/\\\/vaidesite.com\\\/wp-content\\\/uploads\\\/2017\\\/06\\\/site-barato-em-wordpress-para-prestacao-de-servico.jpg\",\"contentUrl\":\"https:\\\/\\\/vaidesite.com\\\/wp-content\\\/uploads\\\/2017\\\/06\\\/site-barato-em-wordpress-para-prestacao-de-servico.jpg\",\"width\":550,\"height\":850,\"caption\":\"Site barato para prestadores de Servi\u00e7os, marido de aluguel e pequenas empresas\"},{\"@type\":\"BreadcrumbList\",\"@id\":\"https:\\\/\\\/vaidesite.com\\\/loja\\\/criacao-de-site-barato\\\/site-barato-e-facil-para-empresas\\\/#breadcrumb\",\"itemListElement\":[{\"@type\":\"ListItem\",\"position\":1,\"name\":\"In\u00edcio\",\"item\":\"https:\\\/\\\/vaidesite.com\\\/\"},{\"@type\":\"ListItem\",\"position\":2,\"name\":\"Cria\u00e7\u00e3o de Site Profissional a partir de 49,90 mensais\",\"item\":\"https:\\\/\\\/vaidesite.com\\\/loja\\\/\"},{\"@type\":\"ListItem\",\"position\":3,\"name\":\"Site Barato e F\u00e1cil para Pequenas Empresas\"}]},{\"@type\":\"WebSite\",\"@id\":\"https:\\\/\\\/vaidesite.com\\\/#website\",\"url\":\"https:\\\/\\\/vaidesite.com\\\/\",\"name\":\"Cria\u00e7\u00e3o de Site Barato por 49,90 - Vai de Site\",\"description\":\"Cria\u00e7\u00e3o e desenvolvimento de site barato em Wordpress. De Curitiba para todo o Brasil! \",\"potentialAction\":[{\"@type\":\"SearchAction\",\"target\":{\"@type\":\"EntryPoint\",\"urlTemplate\":\"https:\\\/\\\/vaidesite.com\\\/?s={search_term_string}\"},\"query-input\":{\"@type\":\"PropertyValueSpecification\",\"valueRequired\":true,\"valueName\":\"search_term_string\"}}],\"inLanguage\":\"pt-BR\"}]}<\/script>\n<!-- \/ Yoast SEO plugin. -->","yoast_head_json":{"title":"Site Barato e F\u00e1cil para Pequenas Empresas - Cria\u00e7\u00e3o de Site Barato por 49,90 - Vai de Site","description":"Site barato e f\u00e1cil para empresas com dom\u00ednio e hospedagem gr\u00e1tis. Site com galeria de fotos, FAQ e Depoimentos, desenvolvido em Wordpress por apenas 59,00","robots":{"index":"index","follow":"follow","max-snippet":"max-snippet:-1","max-image-preview":"max-image-preview:large","max-video-preview":"max-video-preview:-1"},"canonical":"https:\/\/vaidesite.com\/br\/loja\/criacao-de-site-barato\/site-barato-e-facil-para-empresas\/","og_locale":"pt_BR","og_type":"article","og_title":"Site Barato e F\u00e1cil para Pequenas Empresas - Cria\u00e7\u00e3o de Site Barato por 49,90 - Vai de Site","og_description":"Site barato e f\u00e1cil para empresas com dom\u00ednio e hospedagem gr\u00e1tis. Site com galeria de fotos, FAQ e Depoimentos, desenvolvido em Wordpress por apenas 59,00","og_url":"https:\/\/vaidesite.com\/br\/loja\/criacao-de-site-barato\/site-barato-e-facil-para-empresas\/","og_site_name":"Cria\u00e7\u00e3o de Site Barato por 49,90 - Vai de Site","article_modified_time":"2026-02-26T15:27:09+00:00","og_image":[{"width":550,"height":850,"url":"https:\/\/vaidesite.com\/wp-content\/uploads\/2017\/06\/site-barato-em-wordpress-para-prestacao-de-servico.jpg","type":"image\/jpeg"}],"twitter_card":"summary_large_image","twitter_misc":{"Est. tempo de leitura":"1 minuto"},"schema":{"@context":"https:\/\/schema.org","@graph":[{"@type":"WebPage","@id":"https:\/\/vaidesite.com\/loja\/criacao-de-site-barato\/site-barato-e-facil-para-empresas\/","url":"https:\/\/vaidesite.com\/loja\/criacao-de-site-barato\/site-barato-e-facil-para-empresas\/","name":"Site Barato e F\u00e1cil para Pequenas Empresas - Cria\u00e7\u00e3o de Site Barato por 49,90 - Vai de Site","isPartOf":{"@id":"https:\/\/vaidesite.com\/#website"},"primaryImageOfPage":{"@id":"https:\/\/vaidesite.com\/loja\/criacao-de-site-barato\/site-barato-e-facil-para-empresas\/#primaryimage"},"image":{"@id":"https:\/\/vaidesite.com\/loja\/criacao-de-site-barato\/site-barato-e-facil-para-empresas\/#primaryimage"},"thumbnailUrl":"https:\/\/vaidesite.com\/wp-content\/uploads\/2017\/06\/site-barato-em-wordpress-para-prestacao-de-servico.jpg","datePublished":"2017-06-13T10:23:45+00:00","dateModified":"2026-02-26T15:27:09+00:00","description":"Site barato e f\u00e1cil para empresas com dom\u00ednio e hospedagem gr\u00e1tis. Site com galeria de fotos, FAQ e Depoimentos, desenvolvido em Wordpress por apenas 59,00","breadcrumb":{"@id":"https:\/\/vaidesite.com\/loja\/criacao-de-site-barato\/site-barato-e-facil-para-empresas\/#breadcrumb"},"inLanguage":"pt-BR","potentialAction":[{"@type":"ReadAction","target":["https:\/\/vaidesite.com\/loja\/criacao-de-site-barato\/site-barato-e-facil-para-empresas\/"]}]},{"@type":"ImageObject","inLanguage":"pt-BR","@id":"https:\/\/vaidesite.com\/loja\/criacao-de-site-barato\/site-barato-e-facil-para-empresas\/#primaryimage","url":"https:\/\/vaidesite.com\/wp-content\/uploads\/2017\/06\/site-barato-em-wordpress-para-prestacao-de-servico.jpg","contentUrl":"https:\/\/vaidesite.com\/wp-content\/uploads\/2017\/06\/site-barato-em-wordpress-para-prestacao-de-servico.jpg","width":550,"height":850,"caption":"Site barato para prestadores de Servi\u00e7os, marido de aluguel e pequenas empresas"},{"@type":"BreadcrumbList","@id":"https:\/\/vaidesite.com\/loja\/criacao-de-site-barato\/site-barato-e-facil-para-empresas\/#breadcrumb","itemListElement":[{"@type":"ListItem","position":1,"name":"In\u00edcio","item":"https:\/\/vaidesite.com\/"},{"@type":"ListItem","position":2,"name":"Cria\u00e7\u00e3o de Site Profissional a partir de 49,90 mensais","item":"https:\/\/vaidesite.com\/loja\/"},{"@type":"ListItem","position":3,"name":"Site Barato e F\u00e1cil para Pequenas Empresas"}]},{"@type":"WebSite","@id":"https:\/\/vaidesite.com\/#website","url":"https:\/\/vaidesite.com\/","name":"Cria\u00e7\u00e3o de Site Barato por 49,90 - Vai de Site","description":"Cria\u00e7\u00e3o e desenvolvimento de site barato em Wordpress. De Curitiba para todo o Brasil! ","potentialAction":[{"@type":"SearchAction","target":{"@type":"EntryPoint","urlTemplate":"https:\/\/vaidesite.com\/?s={search_term_string}"},"query-input":{"@type":"PropertyValueSpecification","valueRequired":true,"valueName":"search_term_string"}}],"inLanguage":"pt-BR"}]}},"_links":{"self":[{"href":"https:\/\/vaidesite.com\/br\/wp-json\/wp\/v2\/product\/1185","targetHints":{"allow":["GET"]}}],"collection":[{"href":"https:\/\/vaidesite.com\/br\/wp-json\/wp\/v2\/product"}],"about":[{"href":"https:\/\/vaidesite.com\/br\/wp-json\/wp\/v2\/types\/product"}],"replies":[{"embeddable":true,"href":"https:\/\/vaidesite.com\/br\/wp-json\/wp\/v2\/comments?post=1185"}],"wp:featuredmedia":[{"embeddable":true,"href":"https:\/\/vaidesite.com\/br\/wp-json\/wp\/v2\/media\/7737"}],"wp:attachment":[{"href":"https:\/\/vaidesite.com\/br\/wp-json\/wp\/v2\/media?parent=1185"}],"wp:term":[{"taxonomy":"product_brand","embeddable":true,"href":"https:\/\/vaidesite.com\/br\/wp-json\/wp\/v2\/product_brand?post=1185"},{"taxonomy":"product_cat","embeddable":true,"href":"https:\/\/vaidesite.com\/br\/wp-json\/wp\/v2\/product_cat?post=1185"},{"taxonomy":"product_tag","embeddable":true,"href":"https:\/\/vaidesite.com\/br\/wp-json\/wp\/v2\/product_tag?post=1185"}],"curies":[{"name":"wp","href":"https:\/\/api.w.org\/{rel}","templated":true}]}}