{"id":7747,"date":"2023-06-19T12:08:31","date_gmt":"2023-06-19T15:08:31","guid":{"rendered":"https:\/\/vaidesite.com\/?post_type=product&#038;p=7747"},"modified":"2026-01-09T16:04:07","modified_gmt":"2026-01-09T19:04:07","slug":"site-barato-para-empresarios-e-autonomos","status":"publish","type":"product","link":"https:\/\/vaidesite.com\/br\/loja\/criacao-de-site-barato\/site-barato-para-empresarios-e-autonomos\/","title":{"rendered":"Cria\u00e7\u00e3o de Site Barato e Pronto para Empres\u00e1rios e Aut\u00f4nomos"},"content":{"rendered":"<div class=\"wpb-content-wrapper\"><div data-vc-full-width=\"true\" data-vc-full-width-temp=\"true\" data-vc-full-width-init=\"false\" data-vc-stretch-content=\"true\" class=\"vc_row wpb_row vc_row-fluid vc_row-no-padding wd-rs-648ef54a9f2b7\"><div class=\"wpb_column vc_column_container vc_col-sm-12 wd-rs-648efd270f8e2\"><div class=\"vc_column-inner\"><div class=\"wpb_wrapper\"><div  class=\"vc_wp_text wpb_content_element\"><div class=\"widget widget_text\">\t\t\t<div class=\"textwidget\"><p><iframe src=\"\/site-barato-para-advogados-contadores-e-psicologos\/\" width=\"100%\"><\/iframe><\/p>\n<\/div>\n\t\t<\/div><\/div><\/div><\/div><\/div><\/div><div class=\"vc_row-full-width vc_clearfix\"><\/div>\n<\/div>","protected":false},"excerpt":{"rendered":"<p><strong>Cria\u00e7\u00e3o e Desenvolvimento de Site Barato para Empres\u00e1rios e <\/strong><b>Aut\u00f4nomos<\/b>, para Advogados, Contadores e Psic\u00f3logos.<\/p>\n<p>Site de p\u00e1gina \u00fanica, com banner para destaque ao servi\u00e7o prestado, <strong>galeria de fotos<\/strong>, <strong>Depoimentos<\/strong>, e <strong>FAQ<\/strong> para responder a principais d\u00favidas do seu cliente, desenvolvido em <strong>Wordpress<\/strong>.<\/p>\n<p>Alguns dos objetivos deste site s\u00e3o; demostrar um produto, sua marca, ou sua empresa.<br \/>\nA <strong>Hospedagem do Site \u00e9 gratuita, <\/strong>j\u00e1 esta <strong>inclusa<\/strong> em todos nossos sites.<\/p>\n<p><strong>Site Pronto com Tudo Incluso<\/strong><\/p>\n<ol>\n<li>Cria\u00e7\u00e3o do Site<\/li>\n<li>Dom\u00ednio do Site Gr\u00e1tis<\/li>\n<li>Hospedagem do Site Gr\u00e1tis<\/li>\n<li>Manuten\u00e7\u00e3o do Site Gr\u00e1tis<\/li>\n<li>E-mail Profissional<\/li>\n<li>Formul\u00e1rio de Contato<\/li>\n<li>Bot\u00e3o do WhatsApp<\/li>\n<li>Certificado de Seguran\u00e7a<\/li>\n<\/ol>\n<p><strong>E o que voc\u00ea precisa fazer?<\/strong><\/p>\n<ol>\n<li>Assinar<\/li>\n<li>Mandar o conte\u00fado por e-mail (textos e fotos)<\/li>\n<li>E em 3 dias seu Site estar\u00e1 Pronto, simples assim!<\/li>\n<\/ol>\n","protected":false},"featured_media":7755,"comment_status":"closed","ping_status":"closed","template":"","meta":{"_joinchat":[]},"product_brand":[],"product_cat":[22,50,30,43,34],"product_tag":[99,94,112,96,124,123,125,122,126,127,95,97],"class_list":{"0":"post-7747","1":"product","2":"type-product","3":"status-publish","4":"has-post-thumbnail","6":"product_cat-criacao-de-site-barato","7":"product_cat-criacao-de-site-responsivo","8":"product_cat-landing-page","9":"product_cat-site-criado-em-wordpress","10":"product_cat-site-por-assinatura","11":"product_tag-hospedagem-de-site-gratis","12":"product_tag-landing-page-de-alta-conversao","13":"product_tag-registro-de-dominio-gratuito","14":"product_tag-site-barato","15":"product_tag-site-barato-para-advogados","16":"product_tag-site-barato-para-autonomos","17":"product_tag-site-barato-para-contadores","18":"product_tag-site-barato-para-empresarios","19":"product_tag-site-barato-para-psicologos","20":"product_tag-site-barato-para-terapeutas","21":"product_tag-site-em-wordpress","22":"product_tag-site-por-assinatura","24":"first","25":"instock","26":"sale","27":"shipping-taxable","28":"purchasable","29":"product-type-variable-subscription","30":"has-default-attributes"},"yoast_head":"<!-- This site is optimized with the Yoast SEO plugin v27.3 - https:\/\/yoast.com\/product\/yoast-seo-wordpress\/ -->\n<title>Cria\u00e7\u00e3o de Site Barato e Pronto para Empres\u00e1rios e Aut\u00f4nomos - Cria\u00e7\u00e3o de Site Barato por 49,90 - Vai de Site<\/title>\n<meta name=\"description\" content=\"Site barato e f\u00e1cil para empresas , site de p\u00e1gina \u00fanica, galeria de fotos, FAQ e Depoimentos, desenvolvido em Wordpress por apenas 59,90 por m\u00eas.\" \/>\n<meta name=\"robots\" content=\"index, follow, max-snippet:-1, max-image-preview:large, max-video-preview:-1\" \/>\n<link rel=\"canonical\" href=\"https:\/\/vaidesite.com\/br\/loja\/criacao-de-site-barato\/site-barato-para-empresarios-e-autonomos\/\" \/>\n<meta property=\"og:locale\" content=\"pt_BR\" \/>\n<meta property=\"og:type\" content=\"article\" \/>\n<meta property=\"og:title\" content=\"Cria\u00e7\u00e3o de Site Barato e Pronto para Empres\u00e1rios e Aut\u00f4nomos - Cria\u00e7\u00e3o de Site Barato por 49,90 - Vai de Site\" \/>\n<meta property=\"og:description\" content=\"Site barato e f\u00e1cil para empresas , site de p\u00e1gina \u00fanica, galeria de fotos, FAQ e Depoimentos, desenvolvido em Wordpress por apenas 59,90 por m\u00eas.\" \/>\n<meta property=\"og:url\" content=\"https:\/\/vaidesite.com\/br\/loja\/criacao-de-site-barato\/site-barato-para-empresarios-e-autonomos\/\" \/>\n<meta property=\"og:site_name\" content=\"Cria\u00e7\u00e3o de Site Barato por 49,90 - Vai de Site\" \/>\n<meta property=\"article:modified_time\" content=\"2026-01-09T19:04:07+00:00\" \/>\n<meta property=\"og:image\" content=\"https:\/\/vaidesite.com\/wp-content\/uploads\/2023\/06\/site-barato-para-advogados-contadores-e-psicologo-desenvolvido-e-wordpress.jpg\" \/>\n\t<meta property=\"og:image:width\" content=\"550\" \/>\n\t<meta property=\"og:image:height\" content=\"850\" \/>\n\t<meta property=\"og:image:type\" content=\"image\/jpeg\" \/>\n<meta name=\"twitter:card\" content=\"summary_large_image\" \/>\n<meta name=\"twitter:label1\" content=\"Est. tempo de leitura\" \/>\n\t<meta name=\"twitter:data1\" content=\"1 minuto\" \/>\n<script type=\"application\/ld+json\" class=\"yoast-schema-graph\">{\"@context\":\"https:\\\/\\\/schema.org\",\"@graph\":[{\"@type\":\"WebPage\",\"@id\":\"https:\\\/\\\/vaidesite.com\\\/loja\\\/criacao-de-site-barato\\\/site-barato-para-empresarios-e-autonomos\\\/\",\"url\":\"https:\\\/\\\/vaidesite.com\\\/loja\\\/criacao-de-site-barato\\\/site-barato-para-empresarios-e-autonomos\\\/\",\"name\":\"Cria\u00e7\u00e3o de Site Barato e Pronto para Empres\u00e1rios e Aut\u00f4nomos - Cria\u00e7\u00e3o de Site Barato por 49,90 - Vai de Site\",\"isPartOf\":{\"@id\":\"https:\\\/\\\/vaidesite.com\\\/#website\"},\"primaryImageOfPage\":{\"@id\":\"https:\\\/\\\/vaidesite.com\\\/loja\\\/criacao-de-site-barato\\\/site-barato-para-empresarios-e-autonomos\\\/#primaryimage\"},\"image\":{\"@id\":\"https:\\\/\\\/vaidesite.com\\\/loja\\\/criacao-de-site-barato\\\/site-barato-para-empresarios-e-autonomos\\\/#primaryimage\"},\"thumbnailUrl\":\"https:\\\/\\\/vaidesite.com\\\/wp-content\\\/uploads\\\/2023\\\/06\\\/site-barato-para-advogados-contadores-e-psicologo-desenvolvido-e-wordpress.jpg\",\"datePublished\":\"2023-06-19T15:08:31+00:00\",\"dateModified\":\"2026-01-09T19:04:07+00:00\",\"description\":\"Site barato e f\u00e1cil para empresas , site de p\u00e1gina \u00fanica, galeria de fotos, FAQ e Depoimentos, desenvolvido em Wordpress por apenas 59,90 por m\u00eas.\",\"breadcrumb\":{\"@id\":\"https:\\\/\\\/vaidesite.com\\\/loja\\\/criacao-de-site-barato\\\/site-barato-para-empresarios-e-autonomos\\\/#breadcrumb\"},\"inLanguage\":\"pt-BR\",\"potentialAction\":[{\"@type\":\"ReadAction\",\"target\":[\"https:\\\/\\\/vaidesite.com\\\/loja\\\/criacao-de-site-barato\\\/site-barato-para-empresarios-e-autonomos\\\/\"]}]},{\"@type\":\"ImageObject\",\"inLanguage\":\"pt-BR\",\"@id\":\"https:\\\/\\\/vaidesite.com\\\/loja\\\/criacao-de-site-barato\\\/site-barato-para-empresarios-e-autonomos\\\/#primaryimage\",\"url\":\"https:\\\/\\\/vaidesite.com\\\/wp-content\\\/uploads\\\/2023\\\/06\\\/site-barato-para-advogados-contadores-e-psicologo-desenvolvido-e-wordpress.jpg\",\"contentUrl\":\"https:\\\/\\\/vaidesite.com\\\/wp-content\\\/uploads\\\/2023\\\/06\\\/site-barato-para-advogados-contadores-e-psicologo-desenvolvido-e-wordpress.jpg\",\"width\":550,\"height\":850,\"caption\":\"Site Barato para Advogado Contador, Psic\u00f3logo e Empresarial\"},{\"@type\":\"BreadcrumbList\",\"@id\":\"https:\\\/\\\/vaidesite.com\\\/loja\\\/criacao-de-site-barato\\\/site-barato-para-empresarios-e-autonomos\\\/#breadcrumb\",\"itemListElement\":[{\"@type\":\"ListItem\",\"position\":1,\"name\":\"In\u00edcio\",\"item\":\"https:\\\/\\\/vaidesite.com\\\/\"},{\"@type\":\"ListItem\",\"position\":2,\"name\":\"Cria\u00e7\u00e3o de Site Profissional a partir de 49,90 mensais\",\"item\":\"https:\\\/\\\/vaidesite.com\\\/loja\\\/\"},{\"@type\":\"ListItem\",\"position\":3,\"name\":\"Cria\u00e7\u00e3o de Site Barato e Pronto para Empres\u00e1rios e Aut\u00f4nomos\"}]},{\"@type\":\"WebSite\",\"@id\":\"https:\\\/\\\/vaidesite.com\\\/#website\",\"url\":\"https:\\\/\\\/vaidesite.com\\\/\",\"name\":\"Cria\u00e7\u00e3o de Site Barato por 49,90 - Vai de Site\",\"description\":\"Cria\u00e7\u00e3o e desenvolvimento de site barato em Wordpress. De Curitiba para todo o Brasil! \",\"potentialAction\":[{\"@type\":\"SearchAction\",\"target\":{\"@type\":\"EntryPoint\",\"urlTemplate\":\"https:\\\/\\\/vaidesite.com\\\/?s={search_term_string}\"},\"query-input\":{\"@type\":\"PropertyValueSpecification\",\"valueRequired\":true,\"valueName\":\"search_term_string\"}}],\"inLanguage\":\"pt-BR\"}]}<\/script>\n<!-- \/ Yoast SEO plugin. -->","yoast_head_json":{"title":"Cria\u00e7\u00e3o de Site Barato e Pronto para Empres\u00e1rios e Aut\u00f4nomos - Cria\u00e7\u00e3o de Site Barato por 49,90 - Vai de Site","description":"Site barato e f\u00e1cil para empresas , site de p\u00e1gina \u00fanica, galeria de fotos, FAQ e Depoimentos, desenvolvido em Wordpress por apenas 59,90 por m\u00eas.","robots":{"index":"index","follow":"follow","max-snippet":"max-snippet:-1","max-image-preview":"max-image-preview:large","max-video-preview":"max-video-preview:-1"},"canonical":"https:\/\/vaidesite.com\/br\/loja\/criacao-de-site-barato\/site-barato-para-empresarios-e-autonomos\/","og_locale":"pt_BR","og_type":"article","og_title":"Cria\u00e7\u00e3o de Site Barato e Pronto para Empres\u00e1rios e Aut\u00f4nomos - Cria\u00e7\u00e3o de Site Barato por 49,90 - Vai de Site","og_description":"Site barato e f\u00e1cil para empresas , site de p\u00e1gina \u00fanica, galeria de fotos, FAQ e Depoimentos, desenvolvido em Wordpress por apenas 59,90 por m\u00eas.","og_url":"https:\/\/vaidesite.com\/br\/loja\/criacao-de-site-barato\/site-barato-para-empresarios-e-autonomos\/","og_site_name":"Cria\u00e7\u00e3o de Site Barato por 49,90 - Vai de Site","article_modified_time":"2026-01-09T19:04:07+00:00","og_image":[{"width":550,"height":850,"url":"https:\/\/vaidesite.com\/wp-content\/uploads\/2023\/06\/site-barato-para-advogados-contadores-e-psicologo-desenvolvido-e-wordpress.jpg","type":"image\/jpeg"}],"twitter_card":"summary_large_image","twitter_misc":{"Est. tempo de leitura":"1 minuto"},"schema":{"@context":"https:\/\/schema.org","@graph":[{"@type":"WebPage","@id":"https:\/\/vaidesite.com\/loja\/criacao-de-site-barato\/site-barato-para-empresarios-e-autonomos\/","url":"https:\/\/vaidesite.com\/loja\/criacao-de-site-barato\/site-barato-para-empresarios-e-autonomos\/","name":"Cria\u00e7\u00e3o de Site Barato e Pronto para Empres\u00e1rios e Aut\u00f4nomos - Cria\u00e7\u00e3o de Site Barato por 49,90 - Vai de Site","isPartOf":{"@id":"https:\/\/vaidesite.com\/#website"},"primaryImageOfPage":{"@id":"https:\/\/vaidesite.com\/loja\/criacao-de-site-barato\/site-barato-para-empresarios-e-autonomos\/#primaryimage"},"image":{"@id":"https:\/\/vaidesite.com\/loja\/criacao-de-site-barato\/site-barato-para-empresarios-e-autonomos\/#primaryimage"},"thumbnailUrl":"https:\/\/vaidesite.com\/wp-content\/uploads\/2023\/06\/site-barato-para-advogados-contadores-e-psicologo-desenvolvido-e-wordpress.jpg","datePublished":"2023-06-19T15:08:31+00:00","dateModified":"2026-01-09T19:04:07+00:00","description":"Site barato e f\u00e1cil para empresas , site de p\u00e1gina \u00fanica, galeria de fotos, FAQ e Depoimentos, desenvolvido em Wordpress por apenas 59,90 por m\u00eas.","breadcrumb":{"@id":"https:\/\/vaidesite.com\/loja\/criacao-de-site-barato\/site-barato-para-empresarios-e-autonomos\/#breadcrumb"},"inLanguage":"pt-BR","potentialAction":[{"@type":"ReadAction","target":["https:\/\/vaidesite.com\/loja\/criacao-de-site-barato\/site-barato-para-empresarios-e-autonomos\/"]}]},{"@type":"ImageObject","inLanguage":"pt-BR","@id":"https:\/\/vaidesite.com\/loja\/criacao-de-site-barato\/site-barato-para-empresarios-e-autonomos\/#primaryimage","url":"https:\/\/vaidesite.com\/wp-content\/uploads\/2023\/06\/site-barato-para-advogados-contadores-e-psicologo-desenvolvido-e-wordpress.jpg","contentUrl":"https:\/\/vaidesite.com\/wp-content\/uploads\/2023\/06\/site-barato-para-advogados-contadores-e-psicologo-desenvolvido-e-wordpress.jpg","width":550,"height":850,"caption":"Site Barato para Advogado Contador, Psic\u00f3logo e Empresarial"},{"@type":"BreadcrumbList","@id":"https:\/\/vaidesite.com\/loja\/criacao-de-site-barato\/site-barato-para-empresarios-e-autonomos\/#breadcrumb","itemListElement":[{"@type":"ListItem","position":1,"name":"In\u00edcio","item":"https:\/\/vaidesite.com\/"},{"@type":"ListItem","position":2,"name":"Cria\u00e7\u00e3o de Site Profissional a partir de 49,90 mensais","item":"https:\/\/vaidesite.com\/loja\/"},{"@type":"ListItem","position":3,"name":"Cria\u00e7\u00e3o de Site Barato e Pronto para Empres\u00e1rios e Aut\u00f4nomos"}]},{"@type":"WebSite","@id":"https:\/\/vaidesite.com\/#website","url":"https:\/\/vaidesite.com\/","name":"Cria\u00e7\u00e3o de Site Barato por 49,90 - Vai de Site","description":"Cria\u00e7\u00e3o e desenvolvimento de site barato em Wordpress. De Curitiba para todo o Brasil! ","potentialAction":[{"@type":"SearchAction","target":{"@type":"EntryPoint","urlTemplate":"https:\/\/vaidesite.com\/?s={search_term_string}"},"query-input":{"@type":"PropertyValueSpecification","valueRequired":true,"valueName":"search_term_string"}}],"inLanguage":"pt-BR"}]}},"_links":{"self":[{"href":"https:\/\/vaidesite.com\/br\/wp-json\/wp\/v2\/product\/7747","targetHints":{"allow":["GET"]}}],"collection":[{"href":"https:\/\/vaidesite.com\/br\/wp-json\/wp\/v2\/product"}],"about":[{"href":"https:\/\/vaidesite.com\/br\/wp-json\/wp\/v2\/types\/product"}],"replies":[{"embeddable":true,"href":"https:\/\/vaidesite.com\/br\/wp-json\/wp\/v2\/comments?post=7747"}],"wp:featuredmedia":[{"embeddable":true,"href":"https:\/\/vaidesite.com\/br\/wp-json\/wp\/v2\/media\/7755"}],"wp:attachment":[{"href":"https:\/\/vaidesite.com\/br\/wp-json\/wp\/v2\/media?parent=7747"}],"wp:term":[{"taxonomy":"product_brand","embeddable":true,"href":"https:\/\/vaidesite.com\/br\/wp-json\/wp\/v2\/product_brand?post=7747"},{"taxonomy":"product_cat","embeddable":true,"href":"https:\/\/vaidesite.com\/br\/wp-json\/wp\/v2\/product_cat?post=7747"},{"taxonomy":"product_tag","embeddable":true,"href":"https:\/\/vaidesite.com\/br\/wp-json\/wp\/v2\/product_tag?post=7747"}],"curies":[{"name":"wp","href":"https:\/\/api.w.org\/{rel}","templated":true}]}}