{"id":7998,"date":"2024-03-18T10:17:43","date_gmt":"2024-03-18T13:17:43","guid":{"rendered":"https:\/\/vaidesite.com\/?post_type=product&#038;p=7998"},"modified":"2025-12-17T16:06:19","modified_gmt":"2025-12-17T19:06:19","slug":"criacao-de-loja-virtual-estilo-catalogo-de-moveis-e-produtos","status":"publish","type":"product","link":"https:\/\/vaidesite.com\/br\/loja\/criacao-de-site-barato\/criacao-de-loja-virtual-estilo-catalogo-de-moveis-e-produtos\/","title":{"rendered":"Cria\u00e7\u00e3o de Loja Virtual F\u00e1cil estilo Cat\u00e1logo de M\u00f3veis e Produtos"},"content":{"rendered":"<div class=\"wpb-content-wrapper\"><div data-vc-full-width=\"true\" data-vc-full-width-temp=\"true\" data-vc-full-width-init=\"false\" data-vc-stretch-content=\"true\" class=\"vc_row wpb_row vc_row-fluid vc_row-no-padding wd-rs-678eb73c5b5ca\"><div class=\"wpb_column vc_column_container vc_col-sm-12 wd-rs-648efd270f8e2\"><div class=\"vc_column-inner\"><div class=\"wpb_wrapper\"><div  class=\"vc_wp_text wpb_content_element\"><div class=\"widget widget_text\">\t\t\t<div class=\"textwidget\"><p><iframe src=\"\/criacao-e-desenvolvimento-de-catalogo-de-moveis-e-produtos-e-loja-virtual-barato\/\" width=\"100%\"><span data-mce-type=\"bookmark\" style=\"display: inline-block; width: 0px; overflow: hidden; line-height: 0;\" class=\"mce_SELRES_start\">\ufeff<\/span><\/iframe><\/p>\n<\/div>\n\t\t<\/div><\/div><\/div><\/div><\/div><\/div><div class=\"vc_row-full-width vc_clearfix\"><\/div>\n<\/div>","protected":false},"excerpt":{"rendered":"<p>Atendendo a pedidos, criamos e desenvolvemos um novo modelo de site barato para venda de m\u00f3veis e produtos pelo whatsapp. Este novo modelo \u00e9 um <strong>Cat\u00e1logo de M\u00f3veis e Produtos<\/strong> estilo <strong>Loja Virtual<\/strong> que voc\u00ea pode <strong>vender atrav\u00e9s do WhatsApp<\/strong> ou um link para o Mercado Pago previamente configurado em sua conta.<\/p>\n<p>Este Catalogo de M\u00f3veis e Produtos, que carinhosamente apelidamos de <strong>Loja Virtual F\u00e1cil<\/strong> pode ser usada por empres\u00e1rios e aut\u00f4nomos que querem divulgar seus produtos de uma forma acess\u00edvel, n\u00e3o importando sua \u00e1rea de atua\u00e7\u00e3o.<\/p>\n<h2><strong>Loja Virtual Pronta com Tudo Incluso<\/strong><\/h2>\n<p>Cria\u00e7\u00e3o do Site, Dom\u00ednio do Site Gr\u00e1tis, Hospedagem do Site Gr\u00e1tis, Manuten\u00e7\u00e3o do Site Gr\u00e1tis, E-mail Profissional, Formul\u00e1rio de Contato, Bot\u00e3o do WhatsApp, Certificado de Seguran\u00e7a entre outras personaliza\u00e7\u00f5es para criar seu site estilo loja virtual com catalogo de produtos.<\/p>\n<h2><strong>E o que voc\u00ea precisa fazer para ter um site barato?<\/strong><\/h2>\n<p>Assinar, Escolher o dom\u00ednio para seu site gratuitamente, Mandar o conte\u00fado por WhatsApp (textos e fotos), E em 3 dias seu Site estar\u00e1 Pronto. \u00c9 simples assim criar um site, \u00e9 s\u00f3 deixar com a gente : )<\/p>\n","protected":false},"featured_media":9105,"comment_status":"closed","ping_status":"closed","template":"","meta":{"_joinchat":[]},"product_brand":[],"product_cat":[152,22,50,30,29,43,34],"product_tag":[99,94,112,96,124,123,125,122,126,127,95,97],"class_list":{"0":"post-7998","1":"product","2":"type-product","3":"status-publish","4":"has-post-thumbnail","6":"product_cat-catalogo-de-produtos","7":"product_cat-criacao-de-site-barato","8":"product_cat-criacao-de-site-responsivo","9":"product_cat-landing-page","10":"product_cat-loja-virtual","11":"product_cat-site-criado-em-wordpress","12":"product_cat-site-por-assinatura","13":"product_tag-hospedagem-de-site-gratis","14":"product_tag-landing-page-de-alta-conversao","15":"product_tag-registro-de-dominio-gratuito","16":"product_tag-site-barato","17":"product_tag-site-barato-para-advogados","18":"product_tag-site-barato-para-autonomos","19":"product_tag-site-barato-para-contadores","20":"product_tag-site-barato-para-empresarios","21":"product_tag-site-barato-para-psicologos","22":"product_tag-site-barato-para-terapeutas","23":"product_tag-site-em-wordpress","24":"product_tag-site-por-assinatura","26":"first","27":"instock","28":"sale","29":"shipping-taxable","30":"purchasable","31":"product-type-variable-subscription","32":"has-default-attributes"},"yoast_head":"<!-- This site is optimized with the Yoast SEO plugin v27.4 - https:\/\/yoast.com\/product\/yoast-seo-wordpress\/ -->\n<title>Cria\u00e7\u00e3o de Loja Virtual F\u00e1cil estilo Cat\u00e1logo de M\u00f3veis e Produtos - Cria\u00e7\u00e3o de Site Barato por 49,90 - Vai de Site<\/title>\n<meta name=\"description\" content=\"Site barato e f\u00e1cil para empresas , site de p\u00e1gina \u00fanica, galeria de fotos, FAQ e Depoimentos, desenvolvido em Wordpress por apenas 59,90 por m\u00eas.\" \/>\n<meta name=\"robots\" content=\"index, follow, max-snippet:-1, max-image-preview:large, max-video-preview:-1\" \/>\n<link rel=\"canonical\" href=\"https:\/\/vaidesite.com\/br\/loja\/criacao-de-site-barato\/criacao-de-loja-virtual-estilo-catalogo-de-moveis-e-produtos\/\" \/>\n<meta property=\"og:locale\" content=\"pt_BR\" \/>\n<meta property=\"og:type\" content=\"article\" \/>\n<meta property=\"og:title\" content=\"Cria\u00e7\u00e3o de Loja Virtual F\u00e1cil estilo Cat\u00e1logo de M\u00f3veis e Produtos - Cria\u00e7\u00e3o de Site Barato por 49,90 - Vai de Site\" \/>\n<meta property=\"og:description\" content=\"Site barato e f\u00e1cil para empresas , site de p\u00e1gina \u00fanica, galeria de fotos, FAQ e Depoimentos, desenvolvido em Wordpress por apenas 59,90 por m\u00eas.\" \/>\n<meta property=\"og:url\" content=\"https:\/\/vaidesite.com\/br\/loja\/criacao-de-site-barato\/criacao-de-loja-virtual-estilo-catalogo-de-moveis-e-produtos\/\" \/>\n<meta property=\"og:site_name\" content=\"Cria\u00e7\u00e3o de Site Barato por 49,90 - Vai de Site\" \/>\n<meta property=\"article:modified_time\" content=\"2025-12-17T19:06:19+00:00\" \/>\n<meta property=\"og:image\" content=\"https:\/\/vaidesite.com\/wp-content\/uploads\/2024\/03\/criacao-e-desenvolvimento-de-site-para-moveis-e-produtos-scaled.jpeg\" \/>\n\t<meta property=\"og:image:width\" content=\"2048\" \/>\n\t<meta property=\"og:image:height\" content=\"2560\" \/>\n\t<meta property=\"og:image:type\" content=\"image\/jpeg\" \/>\n<meta name=\"twitter:card\" content=\"summary_large_image\" \/>\n<meta name=\"twitter:label1\" content=\"Est. tempo de leitura\" \/>\n\t<meta name=\"twitter:data1\" content=\"1 minuto\" \/>\n<script type=\"application\/ld+json\" class=\"yoast-schema-graph\">{\"@context\":\"https:\\\/\\\/schema.org\",\"@graph\":[{\"@type\":\"WebPage\",\"@id\":\"https:\\\/\\\/vaidesite.com\\\/loja\\\/criacao-de-site-barato\\\/criacao-de-loja-virtual-estilo-catalogo-de-moveis-e-produtos\\\/\",\"url\":\"https:\\\/\\\/vaidesite.com\\\/loja\\\/criacao-de-site-barato\\\/criacao-de-loja-virtual-estilo-catalogo-de-moveis-e-produtos\\\/\",\"name\":\"Cria\u00e7\u00e3o de Loja Virtual F\u00e1cil estilo Cat\u00e1logo de M\u00f3veis e Produtos - Cria\u00e7\u00e3o de Site Barato por 49,90 - Vai de Site\",\"isPartOf\":{\"@id\":\"https:\\\/\\\/vaidesite.com\\\/#website\"},\"primaryImageOfPage\":{\"@id\":\"https:\\\/\\\/vaidesite.com\\\/loja\\\/criacao-de-site-barato\\\/criacao-de-loja-virtual-estilo-catalogo-de-moveis-e-produtos\\\/#primaryimage\"},\"image\":{\"@id\":\"https:\\\/\\\/vaidesite.com\\\/loja\\\/criacao-de-site-barato\\\/criacao-de-loja-virtual-estilo-catalogo-de-moveis-e-produtos\\\/#primaryimage\"},\"thumbnailUrl\":\"https:\\\/\\\/vaidesite.com\\\/wp-content\\\/uploads\\\/2024\\\/03\\\/criacao-e-desenvolvimento-de-site-para-moveis-e-produtos-scaled.jpeg\",\"datePublished\":\"2024-03-18T13:17:43+00:00\",\"dateModified\":\"2025-12-17T19:06:19+00:00\",\"description\":\"Site barato e f\u00e1cil para empresas , site de p\u00e1gina \u00fanica, galeria de fotos, FAQ e Depoimentos, desenvolvido em Wordpress por apenas 59,90 por m\u00eas.\",\"breadcrumb\":{\"@id\":\"https:\\\/\\\/vaidesite.com\\\/loja\\\/criacao-de-site-barato\\\/criacao-de-loja-virtual-estilo-catalogo-de-moveis-e-produtos\\\/#breadcrumb\"},\"inLanguage\":\"pt-BR\",\"potentialAction\":[{\"@type\":\"ReadAction\",\"target\":[\"https:\\\/\\\/vaidesite.com\\\/loja\\\/criacao-de-site-barato\\\/criacao-de-loja-virtual-estilo-catalogo-de-moveis-e-produtos\\\/\"]}]},{\"@type\":\"ImageObject\",\"inLanguage\":\"pt-BR\",\"@id\":\"https:\\\/\\\/vaidesite.com\\\/loja\\\/criacao-de-site-barato\\\/criacao-de-loja-virtual-estilo-catalogo-de-moveis-e-produtos\\\/#primaryimage\",\"url\":\"https:\\\/\\\/vaidesite.com\\\/wp-content\\\/uploads\\\/2024\\\/03\\\/criacao-e-desenvolvimento-de-site-para-moveis-e-produtos-scaled.jpeg\",\"contentUrl\":\"https:\\\/\\\/vaidesite.com\\\/wp-content\\\/uploads\\\/2024\\\/03\\\/criacao-e-desenvolvimento-de-site-para-moveis-e-produtos-scaled.jpeg\",\"width\":2048,\"height\":2560},{\"@type\":\"BreadcrumbList\",\"@id\":\"https:\\\/\\\/vaidesite.com\\\/loja\\\/criacao-de-site-barato\\\/criacao-de-loja-virtual-estilo-catalogo-de-moveis-e-produtos\\\/#breadcrumb\",\"itemListElement\":[{\"@type\":\"ListItem\",\"position\":1,\"name\":\"In\u00edcio\",\"item\":\"https:\\\/\\\/vaidesite.com\\\/\"},{\"@type\":\"ListItem\",\"position\":2,\"name\":\"Cria\u00e7\u00e3o de Site Profissional a partir de 49,90 mensais\",\"item\":\"https:\\\/\\\/vaidesite.com\\\/loja\\\/\"},{\"@type\":\"ListItem\",\"position\":3,\"name\":\"Cria\u00e7\u00e3o de Loja Virtual F\u00e1cil estilo Cat\u00e1logo de M\u00f3veis e Produtos\"}]},{\"@type\":\"WebSite\",\"@id\":\"https:\\\/\\\/vaidesite.com\\\/#website\",\"url\":\"https:\\\/\\\/vaidesite.com\\\/\",\"name\":\"Cria\u00e7\u00e3o de Site Barato por 49,90 - Vai de Site\",\"description\":\"Cria\u00e7\u00e3o e desenvolvimento de site barato em Wordpress. De Curitiba para todo o Brasil! \",\"potentialAction\":[{\"@type\":\"SearchAction\",\"target\":{\"@type\":\"EntryPoint\",\"urlTemplate\":\"https:\\\/\\\/vaidesite.com\\\/?s={search_term_string}\"},\"query-input\":{\"@type\":\"PropertyValueSpecification\",\"valueRequired\":true,\"valueName\":\"search_term_string\"}}],\"inLanguage\":\"pt-BR\"}]}<\/script>\n<!-- \/ Yoast SEO plugin. -->","yoast_head_json":{"title":"Cria\u00e7\u00e3o de Loja Virtual F\u00e1cil estilo Cat\u00e1logo de M\u00f3veis e Produtos - Cria\u00e7\u00e3o de Site Barato por 49,90 - Vai de Site","description":"Site barato e f\u00e1cil para empresas , site de p\u00e1gina \u00fanica, galeria de fotos, FAQ e Depoimentos, desenvolvido em Wordpress por apenas 59,90 por m\u00eas.","robots":{"index":"index","follow":"follow","max-snippet":"max-snippet:-1","max-image-preview":"max-image-preview:large","max-video-preview":"max-video-preview:-1"},"canonical":"https:\/\/vaidesite.com\/br\/loja\/criacao-de-site-barato\/criacao-de-loja-virtual-estilo-catalogo-de-moveis-e-produtos\/","og_locale":"pt_BR","og_type":"article","og_title":"Cria\u00e7\u00e3o de Loja Virtual F\u00e1cil estilo Cat\u00e1logo de M\u00f3veis e Produtos - Cria\u00e7\u00e3o de Site Barato por 49,90 - Vai de Site","og_description":"Site barato e f\u00e1cil para empresas , site de p\u00e1gina \u00fanica, galeria de fotos, FAQ e Depoimentos, desenvolvido em Wordpress por apenas 59,90 por m\u00eas.","og_url":"https:\/\/vaidesite.com\/br\/loja\/criacao-de-site-barato\/criacao-de-loja-virtual-estilo-catalogo-de-moveis-e-produtos\/","og_site_name":"Cria\u00e7\u00e3o de Site Barato por 49,90 - Vai de Site","article_modified_time":"2025-12-17T19:06:19+00:00","og_image":[{"width":2048,"height":2560,"url":"https:\/\/vaidesite.com\/wp-content\/uploads\/2024\/03\/criacao-e-desenvolvimento-de-site-para-moveis-e-produtos-scaled.jpeg","type":"image\/jpeg"}],"twitter_card":"summary_large_image","twitter_misc":{"Est. tempo de leitura":"1 minuto"},"schema":{"@context":"https:\/\/schema.org","@graph":[{"@type":"WebPage","@id":"https:\/\/vaidesite.com\/loja\/criacao-de-site-barato\/criacao-de-loja-virtual-estilo-catalogo-de-moveis-e-produtos\/","url":"https:\/\/vaidesite.com\/loja\/criacao-de-site-barato\/criacao-de-loja-virtual-estilo-catalogo-de-moveis-e-produtos\/","name":"Cria\u00e7\u00e3o de Loja Virtual F\u00e1cil estilo Cat\u00e1logo de M\u00f3veis e Produtos - Cria\u00e7\u00e3o de Site Barato por 49,90 - Vai de Site","isPartOf":{"@id":"https:\/\/vaidesite.com\/#website"},"primaryImageOfPage":{"@id":"https:\/\/vaidesite.com\/loja\/criacao-de-site-barato\/criacao-de-loja-virtual-estilo-catalogo-de-moveis-e-produtos\/#primaryimage"},"image":{"@id":"https:\/\/vaidesite.com\/loja\/criacao-de-site-barato\/criacao-de-loja-virtual-estilo-catalogo-de-moveis-e-produtos\/#primaryimage"},"thumbnailUrl":"https:\/\/vaidesite.com\/wp-content\/uploads\/2024\/03\/criacao-e-desenvolvimento-de-site-para-moveis-e-produtos-scaled.jpeg","datePublished":"2024-03-18T13:17:43+00:00","dateModified":"2025-12-17T19:06:19+00:00","description":"Site barato e f\u00e1cil para empresas , site de p\u00e1gina \u00fanica, galeria de fotos, FAQ e Depoimentos, desenvolvido em Wordpress por apenas 59,90 por m\u00eas.","breadcrumb":{"@id":"https:\/\/vaidesite.com\/loja\/criacao-de-site-barato\/criacao-de-loja-virtual-estilo-catalogo-de-moveis-e-produtos\/#breadcrumb"},"inLanguage":"pt-BR","potentialAction":[{"@type":"ReadAction","target":["https:\/\/vaidesite.com\/loja\/criacao-de-site-barato\/criacao-de-loja-virtual-estilo-catalogo-de-moveis-e-produtos\/"]}]},{"@type":"ImageObject","inLanguage":"pt-BR","@id":"https:\/\/vaidesite.com\/loja\/criacao-de-site-barato\/criacao-de-loja-virtual-estilo-catalogo-de-moveis-e-produtos\/#primaryimage","url":"https:\/\/vaidesite.com\/wp-content\/uploads\/2024\/03\/criacao-e-desenvolvimento-de-site-para-moveis-e-produtos-scaled.jpeg","contentUrl":"https:\/\/vaidesite.com\/wp-content\/uploads\/2024\/03\/criacao-e-desenvolvimento-de-site-para-moveis-e-produtos-scaled.jpeg","width":2048,"height":2560},{"@type":"BreadcrumbList","@id":"https:\/\/vaidesite.com\/loja\/criacao-de-site-barato\/criacao-de-loja-virtual-estilo-catalogo-de-moveis-e-produtos\/#breadcrumb","itemListElement":[{"@type":"ListItem","position":1,"name":"In\u00edcio","item":"https:\/\/vaidesite.com\/"},{"@type":"ListItem","position":2,"name":"Cria\u00e7\u00e3o de Site Profissional a partir de 49,90 mensais","item":"https:\/\/vaidesite.com\/loja\/"},{"@type":"ListItem","position":3,"name":"Cria\u00e7\u00e3o de Loja Virtual F\u00e1cil estilo Cat\u00e1logo de M\u00f3veis e Produtos"}]},{"@type":"WebSite","@id":"https:\/\/vaidesite.com\/#website","url":"https:\/\/vaidesite.com\/","name":"Cria\u00e7\u00e3o de Site Barato por 49,90 - Vai de Site","description":"Cria\u00e7\u00e3o e desenvolvimento de site barato em Wordpress. De Curitiba para todo o Brasil! ","potentialAction":[{"@type":"SearchAction","target":{"@type":"EntryPoint","urlTemplate":"https:\/\/vaidesite.com\/?s={search_term_string}"},"query-input":{"@type":"PropertyValueSpecification","valueRequired":true,"valueName":"search_term_string"}}],"inLanguage":"pt-BR"}]}},"_links":{"self":[{"href":"https:\/\/vaidesite.com\/br\/wp-json\/wp\/v2\/product\/7998","targetHints":{"allow":["GET"]}}],"collection":[{"href":"https:\/\/vaidesite.com\/br\/wp-json\/wp\/v2\/product"}],"about":[{"href":"https:\/\/vaidesite.com\/br\/wp-json\/wp\/v2\/types\/product"}],"replies":[{"embeddable":true,"href":"https:\/\/vaidesite.com\/br\/wp-json\/wp\/v2\/comments?post=7998"}],"wp:featuredmedia":[{"embeddable":true,"href":"https:\/\/vaidesite.com\/br\/wp-json\/wp\/v2\/media\/9105"}],"wp:attachment":[{"href":"https:\/\/vaidesite.com\/br\/wp-json\/wp\/v2\/media?parent=7998"}],"wp:term":[{"taxonomy":"product_brand","embeddable":true,"href":"https:\/\/vaidesite.com\/br\/wp-json\/wp\/v2\/product_brand?post=7998"},{"taxonomy":"product_cat","embeddable":true,"href":"https:\/\/vaidesite.com\/br\/wp-json\/wp\/v2\/product_cat?post=7998"},{"taxonomy":"product_tag","embeddable":true,"href":"https:\/\/vaidesite.com\/br\/wp-json\/wp\/v2\/product_tag?post=7998"}],"curies":[{"name":"wp","href":"https:\/\/api.w.org\/{rel}","templated":true}]}}