{"id":9635,"date":"2025-06-30T17:32:17","date_gmt":"2025-06-30T20:32:17","guid":{"rendered":"https:\/\/vaidesite.com\/?post_type=product&#038;p=9635"},"modified":"2026-01-29T22:00:52","modified_gmt":"2026-01-30T01:00:52","slug":"criacao-e-desenvolvimento-de-site-para-escola-creche-e-curso","status":"publish","type":"product","link":"https:\/\/vaidesite.com\/br\/loja\/criacao-de-site-barato\/criacao-e-desenvolvimento-de-site-para-escola-creche-e-curso\/","title":{"rendered":"Cria\u00e7\u00e3o e Desenvolvimento de Site para Escola, Creche e Curso"},"content":{"rendered":"<div class=\"wpb-content-wrapper\"><div data-vc-full-width=\"true\" data-vc-full-width-temp=\"true\" data-vc-full-width-init=\"false\" data-vc-stretch-content=\"true\" class=\"vc_row wpb_row vc_row-fluid vc_row-no-padding wd-rs-648ef54a9f2b7\"><div class=\"wpb_column vc_column_container vc_col-sm-12 wd-rs-648efd270f8e2\"><div class=\"vc_column-inner\"><div class=\"wpb_wrapper\"><div  class=\"vc_wp_text wpb_content_element\"><div class=\"widget widget_text\">\t\t\t<div class=\"textwidget\"><p><iframe src=\"\/criacao-e-desenvolvimento-de-site-para-escola-creche-e-curso\/\" width=\"100%\"><span data-mce-type=\"bookmark\" style=\"display: inline-block; width: 0px; overflow: hidden; line-height: 0;\" class=\"mce_SELRES_start\">\ufeff<\/span><\/iframe><\/p>\n<\/div>\n\t\t<\/div><\/div><\/div><\/div><\/div><\/div><div class=\"vc_row-full-width vc_clearfix\"><\/div>\n<\/div>","protected":false},"excerpt":{"rendered":"<p><strong>Cria\u00e7\u00e3o e Desenvolvimento de Site Barato para Escola, Creche ou Curso<\/strong><\/p>\n<p>Desenvolvimento de Site <em>(Landing Page) <\/em>para Escolas, creches e cursos.\u00a0 No site esta incluso, entre outras coisas, banner para destaque ao servi\u00e7o prestado, <strong>galeria de fotos<\/strong>, <strong>Depoimentos<\/strong>, e <strong>FAQ<\/strong> para responder a principais d\u00favidas do seu cliente, desenvolvido em <strong>Wordpress<\/strong>.<br \/>\nCria\u00e7\u00e3o do Site da escola <strong>entregue<\/strong> pronto <strong>em 3 dias<\/strong>, com hospedagem e registro de dom\u00ednio inclusos.<\/p>\n<p>&nbsp;<\/p>\n","protected":false},"featured_media":9715,"comment_status":"closed","ping_status":"closed","template":"","meta":{"_joinchat":[]},"product_brand":[],"product_cat":[22,50,30,43,34],"product_tag":[99,94,112,96,121,120,117,119,116,118,95,97],"class_list":{"0":"post-9635","1":"product","2":"type-product","3":"status-publish","4":"has-post-thumbnail","6":"product_cat-criacao-de-site-barato","7":"product_cat-criacao-de-site-responsivo","8":"product_cat-landing-page","9":"product_cat-site-criado-em-wordpress","10":"product_cat-site-por-assinatura","11":"product_tag-hospedagem-de-site-gratis","12":"product_tag-landing-page-de-alta-conversao","13":"product_tag-registro-de-dominio-gratuito","14":"product_tag-site-barato","15":"product_tag-site-barato-para-barbeiros","16":"product_tag-site-barato-para-cabelereiros","17":"product_tag-site-barato-para-centro-de-estetica","18":"product_tag-site-barato-para-manicures","19":"product_tag-site-barato-para-salao-de-beleza","20":"product_tag-site-barato-para-studio-de-beleza","21":"product_tag-site-em-wordpress","22":"product_tag-site-por-assinatura","24":"first","25":"instock","26":"sale","27":"shipping-taxable","28":"purchasable","29":"product-type-variable-subscription","30":"has-default-attributes"},"yoast_head":"<!-- This site is optimized with the Yoast SEO plugin v27.4 - https:\/\/yoast.com\/product\/yoast-seo-wordpress\/ -->\n<title>Cria\u00e7\u00e3o e Desenvolvimento de Site para Escola ou Curso por 79,90<\/title>\n<meta name=\"description\" content=\"Cria\u00e7\u00e3o e Desenvolvimento de Site Barato para Escola, Creche ou Cursos Digitais por 79,90 mensais. Site entregue pronto em 3 dias com dom\u00ednio e hospedagem gr\u00e1tis\" \/>\n<meta name=\"robots\" content=\"index, follow, max-snippet:-1, max-image-preview:large, max-video-preview:-1\" \/>\n<link rel=\"canonical\" href=\"https:\/\/vaidesite.com\/br\/loja\/criacao-de-site-barato\/criacao-e-desenvolvimento-de-site-para-escola-creche-e-curso\/\" \/>\n<meta property=\"og:locale\" content=\"pt_BR\" \/>\n<meta property=\"og:type\" content=\"article\" \/>\n<meta property=\"og:title\" content=\"Cria\u00e7\u00e3o e Desenvolvimento de Site para Escola ou Curso por 79,90\" \/>\n<meta property=\"og:description\" content=\"Cria\u00e7\u00e3o e Desenvolvimento de Site Barato para Escola, Creche ou Cursos Digitais por 79,90 mensais. Site entregue pronto em 3 dias com dom\u00ednio e hospedagem gr\u00e1tis\" \/>\n<meta property=\"og:url\" content=\"https:\/\/vaidesite.com\/br\/loja\/criacao-de-site-barato\/criacao-e-desenvolvimento-de-site-para-escola-creche-e-curso\/\" \/>\n<meta property=\"og:site_name\" content=\"Cria\u00e7\u00e3o de Site Barato por 49,90 - Vai de Site\" \/>\n<meta property=\"article:modified_time\" content=\"2026-01-30T01:00:52+00:00\" \/>\n<meta property=\"og:image\" content=\"https:\/\/vaidesite.com\/wp-content\/uploads\/2025\/06\/desenvolvimento-de-site-barato-para-escola-creches-curso-por-assinatura-2-scaled.jpg\" \/>\n\t<meta property=\"og:image:width\" content=\"1663\" \/>\n\t<meta property=\"og:image:height\" content=\"2560\" \/>\n\t<meta property=\"og:image:type\" content=\"image\/jpeg\" \/>\n<meta name=\"twitter:card\" content=\"summary_large_image\" \/>\n<meta name=\"twitter:label1\" content=\"Est. tempo de leitura\" \/>\n\t<meta name=\"twitter:data1\" content=\"1 minuto\" \/>\n<script type=\"application\/ld+json\" class=\"yoast-schema-graph\">{\"@context\":\"https:\\\/\\\/schema.org\",\"@graph\":[{\"@type\":\"WebPage\",\"@id\":\"https:\\\/\\\/vaidesite.com\\\/loja\\\/criacao-de-site-barato\\\/criacao-e-desenvolvimento-de-site-para-escola-creche-e-curso\\\/\",\"url\":\"https:\\\/\\\/vaidesite.com\\\/loja\\\/criacao-de-site-barato\\\/criacao-e-desenvolvimento-de-site-para-escola-creche-e-curso\\\/\",\"name\":\"Cria\u00e7\u00e3o e Desenvolvimento de Site para Escola ou Curso por 79,90\",\"isPartOf\":{\"@id\":\"https:\\\/\\\/vaidesite.com\\\/#website\"},\"primaryImageOfPage\":{\"@id\":\"https:\\\/\\\/vaidesite.com\\\/loja\\\/criacao-de-site-barato\\\/criacao-e-desenvolvimento-de-site-para-escola-creche-e-curso\\\/#primaryimage\"},\"image\":{\"@id\":\"https:\\\/\\\/vaidesite.com\\\/loja\\\/criacao-de-site-barato\\\/criacao-e-desenvolvimento-de-site-para-escola-creche-e-curso\\\/#primaryimage\"},\"thumbnailUrl\":\"https:\\\/\\\/vaidesite.com\\\/wp-content\\\/uploads\\\/2025\\\/06\\\/desenvolvimento-de-site-barato-para-escola-creches-curso-por-assinatura-2-scaled.jpg\",\"datePublished\":\"2025-06-30T20:32:17+00:00\",\"dateModified\":\"2026-01-30T01:00:52+00:00\",\"description\":\"Cria\u00e7\u00e3o e Desenvolvimento de Site Barato para Escola, Creche ou Cursos Digitais por 79,90 mensais. Site entregue pronto em 3 dias com dom\u00ednio e hospedagem gr\u00e1tis\",\"breadcrumb\":{\"@id\":\"https:\\\/\\\/vaidesite.com\\\/loja\\\/criacao-de-site-barato\\\/criacao-e-desenvolvimento-de-site-para-escola-creche-e-curso\\\/#breadcrumb\"},\"inLanguage\":\"pt-BR\",\"potentialAction\":[{\"@type\":\"ReadAction\",\"target\":[\"https:\\\/\\\/vaidesite.com\\\/loja\\\/criacao-de-site-barato\\\/criacao-e-desenvolvimento-de-site-para-escola-creche-e-curso\\\/\"]}]},{\"@type\":\"ImageObject\",\"inLanguage\":\"pt-BR\",\"@id\":\"https:\\\/\\\/vaidesite.com\\\/loja\\\/criacao-de-site-barato\\\/criacao-e-desenvolvimento-de-site-para-escola-creche-e-curso\\\/#primaryimage\",\"url\":\"https:\\\/\\\/vaidesite.com\\\/wp-content\\\/uploads\\\/2025\\\/06\\\/desenvolvimento-de-site-barato-para-escola-creches-curso-por-assinatura-2-scaled.jpg\",\"contentUrl\":\"https:\\\/\\\/vaidesite.com\\\/wp-content\\\/uploads\\\/2025\\\/06\\\/desenvolvimento-de-site-barato-para-escola-creches-curso-por-assinatura-2-scaled.jpg\",\"width\":1663,\"height\":2560,\"caption\":\"Desenvolvimento de Site Barato para Escola, Creche e Curso por Assinatura\"},{\"@type\":\"BreadcrumbList\",\"@id\":\"https:\\\/\\\/vaidesite.com\\\/loja\\\/criacao-de-site-barato\\\/criacao-e-desenvolvimento-de-site-para-escola-creche-e-curso\\\/#breadcrumb\",\"itemListElement\":[{\"@type\":\"ListItem\",\"position\":1,\"name\":\"In\u00edcio\",\"item\":\"https:\\\/\\\/vaidesite.com\\\/\"},{\"@type\":\"ListItem\",\"position\":2,\"name\":\"Cria\u00e7\u00e3o de Site Profissional a partir de 49,90 mensais\",\"item\":\"https:\\\/\\\/vaidesite.com\\\/loja\\\/\"},{\"@type\":\"ListItem\",\"position\":3,\"name\":\"Cria\u00e7\u00e3o e Desenvolvimento de Site para Escola, Creche e Curso\"}]},{\"@type\":\"WebSite\",\"@id\":\"https:\\\/\\\/vaidesite.com\\\/#website\",\"url\":\"https:\\\/\\\/vaidesite.com\\\/\",\"name\":\"Cria\u00e7\u00e3o de Site Barato por 49,90 - Vai de Site\",\"description\":\"Cria\u00e7\u00e3o e desenvolvimento de site barato em Wordpress. De Curitiba para todo o Brasil! \",\"potentialAction\":[{\"@type\":\"SearchAction\",\"target\":{\"@type\":\"EntryPoint\",\"urlTemplate\":\"https:\\\/\\\/vaidesite.com\\\/?s={search_term_string}\"},\"query-input\":{\"@type\":\"PropertyValueSpecification\",\"valueRequired\":true,\"valueName\":\"search_term_string\"}}],\"inLanguage\":\"pt-BR\"}]}<\/script>\n<!-- \/ Yoast SEO plugin. -->","yoast_head_json":{"title":"Cria\u00e7\u00e3o e Desenvolvimento de Site para Escola ou Curso por 79,90","description":"Cria\u00e7\u00e3o e Desenvolvimento de Site Barato para Escola, Creche ou Cursos Digitais por 79,90 mensais. Site entregue pronto em 3 dias com dom\u00ednio e hospedagem gr\u00e1tis","robots":{"index":"index","follow":"follow","max-snippet":"max-snippet:-1","max-image-preview":"max-image-preview:large","max-video-preview":"max-video-preview:-1"},"canonical":"https:\/\/vaidesite.com\/br\/loja\/criacao-de-site-barato\/criacao-e-desenvolvimento-de-site-para-escola-creche-e-curso\/","og_locale":"pt_BR","og_type":"article","og_title":"Cria\u00e7\u00e3o e Desenvolvimento de Site para Escola ou Curso por 79,90","og_description":"Cria\u00e7\u00e3o e Desenvolvimento de Site Barato para Escola, Creche ou Cursos Digitais por 79,90 mensais. Site entregue pronto em 3 dias com dom\u00ednio e hospedagem gr\u00e1tis","og_url":"https:\/\/vaidesite.com\/br\/loja\/criacao-de-site-barato\/criacao-e-desenvolvimento-de-site-para-escola-creche-e-curso\/","og_site_name":"Cria\u00e7\u00e3o de Site Barato por 49,90 - Vai de Site","article_modified_time":"2026-01-30T01:00:52+00:00","og_image":[{"width":1663,"height":2560,"url":"https:\/\/vaidesite.com\/wp-content\/uploads\/2025\/06\/desenvolvimento-de-site-barato-para-escola-creches-curso-por-assinatura-2-scaled.jpg","type":"image\/jpeg"}],"twitter_card":"summary_large_image","twitter_misc":{"Est. tempo de leitura":"1 minuto"},"schema":{"@context":"https:\/\/schema.org","@graph":[{"@type":"WebPage","@id":"https:\/\/vaidesite.com\/loja\/criacao-de-site-barato\/criacao-e-desenvolvimento-de-site-para-escola-creche-e-curso\/","url":"https:\/\/vaidesite.com\/loja\/criacao-de-site-barato\/criacao-e-desenvolvimento-de-site-para-escola-creche-e-curso\/","name":"Cria\u00e7\u00e3o e Desenvolvimento de Site para Escola ou Curso por 79,90","isPartOf":{"@id":"https:\/\/vaidesite.com\/#website"},"primaryImageOfPage":{"@id":"https:\/\/vaidesite.com\/loja\/criacao-de-site-barato\/criacao-e-desenvolvimento-de-site-para-escola-creche-e-curso\/#primaryimage"},"image":{"@id":"https:\/\/vaidesite.com\/loja\/criacao-de-site-barato\/criacao-e-desenvolvimento-de-site-para-escola-creche-e-curso\/#primaryimage"},"thumbnailUrl":"https:\/\/vaidesite.com\/wp-content\/uploads\/2025\/06\/desenvolvimento-de-site-barato-para-escola-creches-curso-por-assinatura-2-scaled.jpg","datePublished":"2025-06-30T20:32:17+00:00","dateModified":"2026-01-30T01:00:52+00:00","description":"Cria\u00e7\u00e3o e Desenvolvimento de Site Barato para Escola, Creche ou Cursos Digitais por 79,90 mensais. Site entregue pronto em 3 dias com dom\u00ednio e hospedagem gr\u00e1tis","breadcrumb":{"@id":"https:\/\/vaidesite.com\/loja\/criacao-de-site-barato\/criacao-e-desenvolvimento-de-site-para-escola-creche-e-curso\/#breadcrumb"},"inLanguage":"pt-BR","potentialAction":[{"@type":"ReadAction","target":["https:\/\/vaidesite.com\/loja\/criacao-de-site-barato\/criacao-e-desenvolvimento-de-site-para-escola-creche-e-curso\/"]}]},{"@type":"ImageObject","inLanguage":"pt-BR","@id":"https:\/\/vaidesite.com\/loja\/criacao-de-site-barato\/criacao-e-desenvolvimento-de-site-para-escola-creche-e-curso\/#primaryimage","url":"https:\/\/vaidesite.com\/wp-content\/uploads\/2025\/06\/desenvolvimento-de-site-barato-para-escola-creches-curso-por-assinatura-2-scaled.jpg","contentUrl":"https:\/\/vaidesite.com\/wp-content\/uploads\/2025\/06\/desenvolvimento-de-site-barato-para-escola-creches-curso-por-assinatura-2-scaled.jpg","width":1663,"height":2560,"caption":"Desenvolvimento de Site Barato para Escola, Creche e Curso por Assinatura"},{"@type":"BreadcrumbList","@id":"https:\/\/vaidesite.com\/loja\/criacao-de-site-barato\/criacao-e-desenvolvimento-de-site-para-escola-creche-e-curso\/#breadcrumb","itemListElement":[{"@type":"ListItem","position":1,"name":"In\u00edcio","item":"https:\/\/vaidesite.com\/"},{"@type":"ListItem","position":2,"name":"Cria\u00e7\u00e3o de Site Profissional a partir de 49,90 mensais","item":"https:\/\/vaidesite.com\/loja\/"},{"@type":"ListItem","position":3,"name":"Cria\u00e7\u00e3o e Desenvolvimento de Site para Escola, Creche e Curso"}]},{"@type":"WebSite","@id":"https:\/\/vaidesite.com\/#website","url":"https:\/\/vaidesite.com\/","name":"Cria\u00e7\u00e3o de Site Barato por 49,90 - Vai de Site","description":"Cria\u00e7\u00e3o e desenvolvimento de site barato em Wordpress. De Curitiba para todo o Brasil! ","potentialAction":[{"@type":"SearchAction","target":{"@type":"EntryPoint","urlTemplate":"https:\/\/vaidesite.com\/?s={search_term_string}"},"query-input":{"@type":"PropertyValueSpecification","valueRequired":true,"valueName":"search_term_string"}}],"inLanguage":"pt-BR"}]}},"_links":{"self":[{"href":"https:\/\/vaidesite.com\/br\/wp-json\/wp\/v2\/product\/9635","targetHints":{"allow":["GET"]}}],"collection":[{"href":"https:\/\/vaidesite.com\/br\/wp-json\/wp\/v2\/product"}],"about":[{"href":"https:\/\/vaidesite.com\/br\/wp-json\/wp\/v2\/types\/product"}],"replies":[{"embeddable":true,"href":"https:\/\/vaidesite.com\/br\/wp-json\/wp\/v2\/comments?post=9635"}],"wp:featuredmedia":[{"embeddable":true,"href":"https:\/\/vaidesite.com\/br\/wp-json\/wp\/v2\/media\/9715"}],"wp:attachment":[{"href":"https:\/\/vaidesite.com\/br\/wp-json\/wp\/v2\/media?parent=9635"}],"wp:term":[{"taxonomy":"product_brand","embeddable":true,"href":"https:\/\/vaidesite.com\/br\/wp-json\/wp\/v2\/product_brand?post=9635"},{"taxonomy":"product_cat","embeddable":true,"href":"https:\/\/vaidesite.com\/br\/wp-json\/wp\/v2\/product_cat?post=9635"},{"taxonomy":"product_tag","embeddable":true,"href":"https:\/\/vaidesite.com\/br\/wp-json\/wp\/v2\/product_tag?post=9635"}],"curies":[{"name":"wp","href":"https:\/\/api.w.org\/{rel}","templated":true}]}}