{"id":5288,"date":"2021-08-25T09:00:10","date_gmt":"2021-08-25T09:00:10","guid":{"rendered":"http:\/\/dummy.xtemos.com\/woodmart2\/?page_id=5288"},"modified":"2025-12-09T21:05:18","modified_gmt":"2025-12-10T00:05:18","slug":"contato","status":"publish","type":"page","link":"https:\/\/vaidesite.com\/en\/contato\/","title":{"rendered":"Contato"},"content":{"rendered":"<div class=\"wpb-content-wrapper\"><div class=\"vc_row wpb_row vc_row-fluid vc_custom_1765325058004 wd-rs-6938b8faa1718\"><div class=\"wpb_column vc_column_container vc_col-sm-12\"><div class=\"vc_column-inner\"><div class=\"wpb_wrapper\">\n\t\t<div id=\"wd-641478e8440bd\" class=\"title-wrapper wd-wpb wd-set-mb reset-last-child  wd-rs-641478e8440bd wd-title-color-default wd-title-style-default text-left  wd-underline-colored\">\n\t\t\t\t\t\t\t\n\t\t\t\t<div class=\"title-subtitle  subtitle-color-default font-default subtitle-style-default wd-font-weight- wd-fontsize-xs\">Vai de Site Barato!<\/div>\n\t\t\t\n\t\t\t<div class=\"liner-continer\">\n\t\t\t\t<h4 class=\"woodmart-title-container title  wd-font-weight- wd-fontsize-l\" >PERGUNTAS FREQUENTES<\/h4>\n\t\t\t\t\t\t\t<\/div>\n\t\t\t\n\t\t\t\n\t\t\t\n\t\t<\/div>\n\t\t\n\t\t\n\t\t<div id=\"wd-61825698b13f0\" class=\"wd-accordion wd-wpb wd-rs-61825698b13f0  wd-style-default wd-titles-left wd-opener-pos-right wd-opener-style-arrow\" data-state=\"first\">\n\t\t\t\t\t\t\t\n\t\t\t\t\n\t\t\t\t<div class=\"wd-accordion-item\">\n\t\t\t\t\t<div class=\"wd-accordion-title wd-active font-text wd-fontsize-s wd-font-weight-600\" data-accordion-index=\"0\">\n\t\t\t\t\t\t<div class=\"wd-accordion-title-text\">\n\t\t\t\t\t\t\t\t\t\t\t\t\t\t<span>\n\t\t\t\t\t\t\t\tO que \u00e9 um Site Barato?\t\t\t\t\t\t\t<\/span>\n\t\t\t\t\t\t<\/div>\n\t\t\t\t\t\t<span class=\"wd-accordion-opener\"><\/span>\n\t\t\t\t\t<\/div>\n\n\t\t\t\t\t<div class=\"wd-accordion-content wd-entry-content wd-active\" data-accordion-index=\"0\">\n\t\t\t\t\t\t\t\t\t\t\t\t\t<p>Um <strong>Site Barato<\/strong> \u00e9 f\u00e1cil encontrar, por\u00e9m \u00e9 preciso tomar muita aten\u00e7\u00e3o no que a ag\u00eancia que desenvolveu este site barato oferece. Por exemplo, na Vai de Site Barato voc\u00ea tem a <strong>Cria\u00e7\u00e3o do Site<\/strong>, a <strong>Hospedagem do Site<\/strong>, o <strong>Registro do Dom\u00ednio do Site<\/strong>, al\u00e9m de <strong>E-mail Profissional<\/strong> por apenas 34,90 por m\u00eas!<\/p>\n\t\t\t\t\t\t\t\t\t\t\t<\/div>\n\t\t\t\t<\/div>\n\t\t\t\t\t\t\t\n\t\t\t\t\n\t\t\t\t<div class=\"wd-accordion-item\">\n\t\t\t\t\t<div class=\"wd-accordion-title font-text wd-fontsize-s wd-font-weight-600\" data-accordion-index=\"1\">\n\t\t\t\t\t\t<div class=\"wd-accordion-title-text\">\n\t\t\t\t\t\t\t\t\t\t\t\t\t\t<span>\n\t\t\t\t\t\t\t\tO que \u00e9 um Site por Assinatura?\t\t\t\t\t\t\t<\/span>\n\t\t\t\t\t\t<\/div>\n\t\t\t\t\t\t<span class=\"wd-accordion-opener\"><\/span>\n\t\t\t\t\t<\/div>\n\n\t\t\t\t\t<div class=\"wd-accordion-content wd-entry-content\" data-accordion-index=\"1\">\n\t\t\t\t\t\t\t\t\t\t\t\t\t<p>Um <strong><u><a href=\"\/en\/product-category\/site-por-assinatura\/\" target=\"_blank\" rel=\"noopener\">site por assinatura<\/a><\/u><\/strong> \u00e9 uma plataforma online que oferece conte\u00fado exclusivo ou servi\u00e7os para usu\u00e1rios que pagam uma taxa de assinatura regularmente, o que torna mais barato.<\/p>\n<p>Esses sites por assinatura geralmente t\u00eam um modelo de neg\u00f3cios baseado em uma mensalidade, podendo tamb\u00e9m ser trimestral, semestral ou anual.<\/p>\n<p>Os sites por assinatura oferecem acesso a conte\u00fado premium, como cursos online, not\u00edcias exclusivas, podcasts, v\u00eddeos, comunidades privadas, entre muitos outros.<\/p>\n<p>Um exemplo inovador de site por assinatura \u00e9 o vai de site barato, que vende sites baratos por assinatura recorrente. Vendem desde Landing Page modernas at\u00e9 Sites Institucionais completos, incluindo artigos para melhor indexa\u00e7\u00e3o no Google.<\/p>\n<p>E pra voc\u00ea ver como \u00e9 um site barato de verdade, <strong><a href=\"\/en\/loja\/\" target=\"_blank\" rel=\"noopener\">voc\u00ea consegue fazer uma assinatura agora mesmo<\/a><\/strong> de um site a partir de 22,90.<\/p>\n\t\t\t\t\t\t\t\t\t\t\t<\/div>\n\t\t\t\t<\/div>\n\t\t\t\t\t\t\t\n\t\t\t\t\n\t\t\t\t<div class=\"wd-accordion-item\">\n\t\t\t\t\t<div class=\"wd-accordion-title font-text wd-fontsize-s wd-font-weight-600\" data-accordion-index=\"2\">\n\t\t\t\t\t\t<div class=\"wd-accordion-title-text\">\n\t\t\t\t\t\t\t\t\t\t\t\t\t\t<span>\n\t\t\t\t\t\t\t\tO que \u00e9 uma Landing Page?\t\t\t\t\t\t\t<\/span>\n\t\t\t\t\t\t<\/div>\n\t\t\t\t\t\t<span class=\"wd-accordion-opener\"><\/span>\n\t\t\t\t\t<\/div>\n\n\t\t\t\t\t<div class=\"wd-accordion-content wd-entry-content\" data-accordion-index=\"2\">\n\t\t\t\t\t\t\t\t\t\t\t\t\t<p>Uma <a href=\"\/en\/product-category\/landing-page\/\" target=\"_blank\" rel=\"noopener\"><strong>Landing Page<\/strong><\/a>, tamb\u00e9m conhecida como p\u00e1gina de destino, \u00e9 um site mais barato de p\u00e1gina \u00fanica criada com o objetivo espec\u00edfico de converter visitantes em leads ou clientes. \u00c9 uma p\u00e1gina \u00fanica, com ou sem menus de navega\u00e7\u00e3o, que apresenta informa\u00e7\u00f5es concisas e convincentes sobre, uma empresa, um produto, servi\u00e7o ou oferta em particular.<\/p>\n<p>Geralmente, as Landing Pages s\u00e3o usadas em campanhas de marketing digital para direcionar o tr\u00e1fego de an\u00fancios pagos, e-mails ou m\u00eddias sociais para uma p\u00e1gina que foi projetada para maximizar as convers\u00f5es.<\/p>\n<p>As Landing Pages devem incluir v\u00e1rios elementos importantes, como t\u00edtulo atraente, imagens, v\u00eddeos, depoimentos de clientes, formul\u00e1rios de contato, bot\u00f5es de chamada para a\u00e7\u00e3o, entre outros.<\/p>\n<p>Elas s\u00e3o projetadas para atrair a aten\u00e7\u00e3o dos visitantes, convenc\u00ea-los de que a oferta \u00e9 valiosa e persuadi-los a tomar uma a\u00e7\u00e3o espec\u00edfica, como preencher um formul\u00e1rio ou fazer uma compra.<\/p>\n<p>As Landing Pages s\u00e3o uma ferramenta poderosa para aumentar as taxas de convers\u00e3o e melhorar o desempenho das campanhas de marketing digital.<\/p>\n<p>Outra grande vantagem, <strong><a href=\"\/en\/product-category\/site-barato\/\" target=\"_blank\" rel=\"noopener\">\u00e9 que a Landing Page \u00e9 um Site Barato<\/a><\/strong>, muito mais barato que sites Institucionais e Lojas Virtuais, por exemplo.<\/p>\n\t\t\t\t\t\t\t\t\t\t\t<\/div>\n\t\t\t\t<\/div>\n\t\t\t\t\t\t\t\t\t\t\t\t\t\t<\/div>\n\n\t\t<\/div><\/div><\/div><\/div><div data-vc-full-width=\"true\" data-vc-full-width-temp=\"true\" data-vc-full-width-init=\"false\" data-vc-stretch-content=\"true\" class=\"vc_row wpb_row vc_row-fluid vc_custom_1765324412944 vc_row-no-padding wd-rs-6938b66041156\"><div class=\"wpb_column vc_column_container vc_col-sm-12\"><div class=\"vc_column-inner\"><div class=\"wpb_wrapper\"><div class=\"wpb_gmaps_widget wpb_content_element\"><div class=\"wpb_wrapper\"><div class=\"wpb_map_wraper\"><iframe src=\"https:\/\/www.google.com\/maps\/embed?pb=!1m18!1m12!1m3!1d3602.6706558613246!2d-49.28666618802336!3d-25.449272077456026!2m3!1f0!2f0!3f0!3m2!1i1024!2i768!4f13.1!3m3!1m2!1s0x94dce5a07146ccd3%3A0x49ec862bccfdc434!2sVai%20de%20Site!5e0!3m2!1spt-BR!2sbr!4v1765324323713!5m2!1spt-BR!2sbr\" width=\"100%\" height=\"450\" style=\"border:0;\" allowfullscreen=\"\" loading=\"lazy\" referrerpolicy=\"no-referrer-when-downgrade\"><\/iframe><\/div><\/div><\/div><\/div><\/div><\/div><\/div><div class=\"vc_row-full-width vc_clearfix\"><\/div>\n<\/div>","protected":false},"excerpt":{"rendered":"Vai de Site Barato! PERGUNTAS FREQUENTES O que \u00e9 um Site Barato? Um Site Barato \u00e9 f\u00e1cil encontrar, por\u00e9m \u00e9","protected":false},"author":1,"featured_media":0,"parent":0,"menu_order":0,"comment_status":"closed","ping_status":"closed","template":"","meta":{"_joinchat":[],"footnotes":""},"class_list":["post-5288","page","type-page","status-publish","hentry"],"yoast_head":"<!-- This site is optimized with the Yoast SEO plugin v27.5 - https:\/\/yoast.com\/product\/yoast-seo-wordpress\/ -->\n<title>Contato - Cria\u00e7\u00e3o de Site Barato por 49,90 - Vai de Site<\/title>\n<meta name=\"robots\" content=\"index, follow, max-snippet:-1, max-image-preview:large, max-video-preview:-1\" \/>\n<link rel=\"canonical\" href=\"https:\/\/vaidesite.com\/en\/contato\/\" \/>\n<meta property=\"og:locale\" content=\"en_US\" \/>\n<meta property=\"og:type\" content=\"article\" \/>\n<meta property=\"og:title\" content=\"Contato - Cria\u00e7\u00e3o de Site Barato por 49,90 - Vai de Site\" \/>\n<meta property=\"og:url\" content=\"https:\/\/vaidesite.com\/en\/contato\/\" \/>\n<meta property=\"og:site_name\" content=\"Cria\u00e7\u00e3o de Site Barato por 49,90 - Vai de Site\" \/>\n<meta property=\"article:modified_time\" content=\"2025-12-10T00:05:18+00:00\" \/>\n<meta name=\"twitter:card\" content=\"summary_large_image\" \/>\n<meta name=\"twitter:label1\" content=\"Est. reading time\" \/>\n\t<meta name=\"twitter:data1\" content=\"3 minutes\" \/>\n<script type=\"application\/ld+json\" class=\"yoast-schema-graph\">{\"@context\":\"https:\\\/\\\/schema.org\",\"@graph\":[{\"@type\":\"WebPage\",\"@id\":\"https:\\\/\\\/vaidesite.com\\\/contato\\\/\",\"url\":\"https:\\\/\\\/vaidesite.com\\\/contato\\\/\",\"name\":\"Contato - Cria\u00e7\u00e3o de Site Barato por 49,90 - Vai de Site\",\"isPartOf\":{\"@id\":\"https:\\\/\\\/vaidesite.com\\\/#website\"},\"datePublished\":\"2021-08-25T09:00:10+00:00\",\"dateModified\":\"2025-12-10T00:05:18+00:00\",\"breadcrumb\":{\"@id\":\"https:\\\/\\\/vaidesite.com\\\/contato\\\/#breadcrumb\"},\"inLanguage\":\"en-US\",\"potentialAction\":[{\"@type\":\"ReadAction\",\"target\":[\"https:\\\/\\\/vaidesite.com\\\/contato\\\/\"]}]},{\"@type\":\"BreadcrumbList\",\"@id\":\"https:\\\/\\\/vaidesite.com\\\/contato\\\/#breadcrumb\",\"itemListElement\":[{\"@type\":\"ListItem\",\"position\":1,\"name\":\"In\u00edcio\",\"item\":\"https:\\\/\\\/vaidesite.com\\\/\"},{\"@type\":\"ListItem\",\"position\":2,\"name\":\"Contato\"}]},{\"@type\":\"WebSite\",\"@id\":\"https:\\\/\\\/vaidesite.com\\\/#website\",\"url\":\"https:\\\/\\\/vaidesite.com\\\/\",\"name\":\"Cria\u00e7\u00e3o de Site Barato por 49,90 - Vai de Site\",\"description\":\"Cria\u00e7\u00e3o e desenvolvimento de site barato em Wordpress. De Curitiba para todo o Brasil! \",\"potentialAction\":[{\"@type\":\"SearchAction\",\"target\":{\"@type\":\"EntryPoint\",\"urlTemplate\":\"https:\\\/\\\/vaidesite.com\\\/?s={search_term_string}\"},\"query-input\":{\"@type\":\"PropertyValueSpecification\",\"valueRequired\":true,\"valueName\":\"search_term_string\"}}],\"inLanguage\":\"en-US\"}]}<\/script>\n<!-- \/ Yoast SEO plugin. -->","yoast_head_json":{"title":"Contato - Cria\u00e7\u00e3o de Site Barato por 49,90 - Vai de Site","robots":{"index":"index","follow":"follow","max-snippet":"max-snippet:-1","max-image-preview":"max-image-preview:large","max-video-preview":"max-video-preview:-1"},"canonical":"https:\/\/vaidesite.com\/en\/contato\/","og_locale":"en_US","og_type":"article","og_title":"Contato - Cria\u00e7\u00e3o de Site Barato por 49,90 - Vai de Site","og_url":"https:\/\/vaidesite.com\/en\/contato\/","og_site_name":"Cria\u00e7\u00e3o de Site Barato por 49,90 - Vai de Site","article_modified_time":"2025-12-10T00:05:18+00:00","twitter_card":"summary_large_image","twitter_misc":{"Est. reading time":"3 minutes"},"schema":{"@context":"https:\/\/schema.org","@graph":[{"@type":"WebPage","@id":"https:\/\/vaidesite.com\/contato\/","url":"https:\/\/vaidesite.com\/contato\/","name":"Contato - Cria\u00e7\u00e3o de Site Barato por 49,90 - Vai de Site","isPartOf":{"@id":"https:\/\/vaidesite.com\/#website"},"datePublished":"2021-08-25T09:00:10+00:00","dateModified":"2025-12-10T00:05:18+00:00","breadcrumb":{"@id":"https:\/\/vaidesite.com\/contato\/#breadcrumb"},"inLanguage":"en-US","potentialAction":[{"@type":"ReadAction","target":["https:\/\/vaidesite.com\/contato\/"]}]},{"@type":"BreadcrumbList","@id":"https:\/\/vaidesite.com\/contato\/#breadcrumb","itemListElement":[{"@type":"ListItem","position":1,"name":"In\u00edcio","item":"https:\/\/vaidesite.com\/"},{"@type":"ListItem","position":2,"name":"Contato"}]},{"@type":"WebSite","@id":"https:\/\/vaidesite.com\/#website","url":"https:\/\/vaidesite.com\/","name":"Cria\u00e7\u00e3o de Site Barato por 49,90 - Vai de Site","description":"Cria\u00e7\u00e3o e desenvolvimento de site barato em Wordpress. De Curitiba para todo o Brasil!","potentialAction":[{"@type":"SearchAction","target":{"@type":"EntryPoint","urlTemplate":"https:\/\/vaidesite.com\/?s={search_term_string}"},"query-input":{"@type":"PropertyValueSpecification","valueRequired":true,"valueName":"search_term_string"}}],"inLanguage":"en-US"}]}},"_links":{"self":[{"href":"https:\/\/vaidesite.com\/en\/wp-json\/wp\/v2\/pages\/5288","targetHints":{"allow":["GET"]}}],"collection":[{"href":"https:\/\/vaidesite.com\/en\/wp-json\/wp\/v2\/pages"}],"about":[{"href":"https:\/\/vaidesite.com\/en\/wp-json\/wp\/v2\/types\/page"}],"author":[{"embeddable":true,"href":"https:\/\/vaidesite.com\/en\/wp-json\/wp\/v2\/users\/1"}],"replies":[{"embeddable":true,"href":"https:\/\/vaidesite.com\/en\/wp-json\/wp\/v2\/comments?post=5288"}],"version-history":[{"count":14,"href":"https:\/\/vaidesite.com\/en\/wp-json\/wp\/v2\/pages\/5288\/revisions"}],"predecessor-version":[{"id":7164,"href":"https:\/\/vaidesite.com\/en\/wp-json\/wp\/v2\/pages\/5288\/revisions\/7164"}],"wp:attachment":[{"href":"https:\/\/vaidesite.com\/en\/wp-json\/wp\/v2\/media?parent=5288"}],"curies":[{"name":"wp","href":"https:\/\/api.w.org\/{rel}","templated":true}]}}