{"id":8565,"date":"2024-09-27T15:57:37","date_gmt":"2024-09-27T18:57:37","guid":{"rendered":"https:\/\/vaidesite.com\/?post_type=product&#038;p=8565"},"modified":"2025-09-29T11:14:21","modified_gmt":"2025-09-29T14:14:21","slug":"criacao-de-site-para-politicos-vereadores-e-prefeitos","status":"publish","type":"product","link":"https:\/\/vaidesite.com\/en\/loja\/criacao-de-site-barato\/criacao-de-site-para-politicos-vereadores-e-prefeitos\/","title":{"rendered":"Cria\u00e7\u00e3o de Site para Pol\u00edticos, Vereadores e Prefeitos"},"content":{"rendered":"<div class=\"wpb-content-wrapper\"><div data-vc-full-width=\"true\" data-vc-full-width-temp=\"true\" data-vc-full-width-init=\"false\" data-vc-stretch-content=\"true\" class=\"vc_row wpb_row vc_row-fluid vc_row-no-padding vc_row-o-full-height vc_row-o-columns-middle vc_row-flex wd-rs-66f70a19a483a\"><div class=\"wpb_column vc_column_container vc_col-sm-12 wd-rs-648efd270f8e2\"><div class=\"vc_column-inner\"><div class=\"wpb_wrapper\"><div  class=\"vc_wp_text wpb_content_element\"><div class=\"widget widget_text\">\t\t\t<div class=\"textwidget\"><p><iframe src=\"\/criacao-de-site-barato-para-politicos-vereadores-e-senadores\/\" width=\"100%\"><\/iframe><\/p>\n<\/div>\n\t\t<\/div><\/div><\/div><\/div><\/div><\/div><div class=\"vc_row-full-width vc_clearfix\"><\/div>\n<\/div>","protected":false},"excerpt":{"rendered":"<p><strong>Cria\u00e7\u00e3o de Site para Pol\u00edticos<\/strong>, Vereadores, Prefeitos, Senadores, Governadores e Deputados Estaduais e Federais.<\/p>\n<p>Site de p\u00e1gina \u00fanica, com banner para destaque ao servi\u00e7o prestado, <strong>galeria de fotos<\/strong>, <strong>Depoimentos<\/strong>, e <strong>FAQ<\/strong> para responder a principais d\u00favidas do seu cliente, desenvolvido em <strong>Wordpress<\/strong>.<\/p>\n<p>Alguns dos objetivos deste site s\u00e3o; demostrar um produto, sua marca, ou sua empresa.<br \/>\nA <strong>Hospedagem do Site \u00e9 gratuita, <\/strong>j\u00e1 esta <strong>inclusa<\/strong> em todos nossos sites.<\/p>\n<p><strong>Site Pronto com Tudo Incluso<\/strong><\/p>\n<ol>\n<li>Cria\u00e7\u00e3o do Site<\/li>\n<li>Dom\u00ednio do Site Gr\u00e1tis<\/li>\n<li>Hospedagem do Site Gr\u00e1tis<\/li>\n<li>Manuten\u00e7\u00e3o do Site Gr\u00e1tis<\/li>\n<li>E-mail Profissional<\/li>\n<li>Formul\u00e1rio de Contato<\/li>\n<li>Bot\u00e3o do WhatsApp<\/li>\n<li>Certificado de Seguran\u00e7a<\/li>\n<\/ol>\n<p><strong>E o que voc\u00ea precisa fazer?<\/strong><\/p>\n<ol>\n<li>Assinar<\/li>\n<li>Mandar o conte\u00fado por e-mail (textos e fotos)<\/li>\n<li>E em 3 dias seu Site estar\u00e1 Pronto, simples assim!<\/li>\n<\/ol>","protected":false},"featured_media":8568,"comment_status":"closed","ping_status":"closed","template":"","meta":{"_joinchat":[]},"product_brand":[],"product_cat":[22,50,30,43,34],"product_tag":[157,158,99,94,112,123,125,122,95,97],"class_list":{"0":"post-8565","1":"product","2":"type-product","3":"status-publish","4":"has-post-thumbnail","6":"product_cat-criacao-de-site-barato","7":"product_cat-criacao-de-site-responsivo","8":"product_cat-landing-page","9":"product_cat-site-criado-em-wordpress","10":"product_cat-site-por-assinatura","11":"product_tag-criacao-de-site-barato","12":"product_tag-criacao-de-site-para-politicos","13":"product_tag-hospedagem-de-site-gratis","14":"product_tag-landing-page-de-alta-conversao","15":"product_tag-registro-de-dominio-gratuito","16":"product_tag-site-barato-para-autonomos","17":"product_tag-site-barato-para-contadores","18":"product_tag-site-barato-para-empresarios","19":"product_tag-site-em-wordpress","20":"product_tag-site-por-assinatura","22":"first","23":"instock","24":"sale","25":"shipping-taxable","26":"purchasable","27":"product-type-variable-subscription","28":"has-default-attributes"},"yoast_head":"<!-- This site is optimized with the Yoast SEO plugin v27.4 - https:\/\/yoast.com\/product\/yoast-seo-wordpress\/ -->\n<title>Cria\u00e7\u00e3o de Site para Pol\u00edticos, Vereadores e Prefeitos - Cria\u00e7\u00e3o de Site Barato por 49,90 - Vai de Site<\/title>\n<meta name=\"description\" content=\"Cria\u00e7\u00e3o de Site para Pol\u00edticos, Vereadores, Prefeitos, Senadores, Governadores e Deputados Estaduais e Federais.\" \/>\n<meta name=\"robots\" content=\"index, follow, max-snippet:-1, max-image-preview:large, max-video-preview:-1\" \/>\n<link rel=\"canonical\" href=\"https:\/\/vaidesite.com\/en\/loja\/criacao-de-site-barato\/criacao-de-site-para-politicos-vereadores-e-prefeitos\/\" \/>\n<meta property=\"og:locale\" content=\"en_US\" \/>\n<meta property=\"og:type\" content=\"article\" \/>\n<meta property=\"og:title\" content=\"Cria\u00e7\u00e3o de Site para Pol\u00edticos, Vereadores e Prefeitos - Cria\u00e7\u00e3o de Site Barato por 49,90 - Vai de Site\" \/>\n<meta property=\"og:description\" content=\"Cria\u00e7\u00e3o de Site para Pol\u00edticos, Vereadores, Prefeitos, Senadores, Governadores e Deputados Estaduais e Federais.\" \/>\n<meta property=\"og:url\" content=\"https:\/\/vaidesite.com\/en\/loja\/criacao-de-site-barato\/criacao-de-site-para-politicos-vereadores-e-prefeitos\/\" \/>\n<meta property=\"og:site_name\" content=\"Cria\u00e7\u00e3o de Site Barato por 49,90 - Vai de Site\" \/>\n<meta property=\"article:modified_time\" content=\"2025-09-29T14:14:21+00:00\" \/>\n<meta property=\"og:image\" content=\"https:\/\/vaidesite.com\/wp-content\/uploads\/2024\/09\/criacao-de-site-para-politicos-vereadores-e-prefeitos-senadores-governadores-e-deputados.jpg\" \/>\n\t<meta property=\"og:image:width\" content=\"550\" \/>\n\t<meta property=\"og:image:height\" content=\"849\" \/>\n\t<meta property=\"og:image:type\" content=\"image\/jpeg\" \/>\n<meta name=\"twitter:card\" content=\"summary_large_image\" \/>\n<meta name=\"twitter:label1\" content=\"Est. reading time\" \/>\n\t<meta name=\"twitter:data1\" content=\"1 minute\" \/>\n<script type=\"application\/ld+json\" class=\"yoast-schema-graph\">{\"@context\":\"https:\\\/\\\/schema.org\",\"@graph\":[{\"@type\":\"WebPage\",\"@id\":\"https:\\\/\\\/vaidesite.com\\\/loja\\\/criacao-de-site-barato\\\/criacao-de-site-para-politicos-vereadores-e-prefeitos\\\/\",\"url\":\"https:\\\/\\\/vaidesite.com\\\/loja\\\/criacao-de-site-barato\\\/criacao-de-site-para-politicos-vereadores-e-prefeitos\\\/\",\"name\":\"Cria\u00e7\u00e3o de Site para Pol\u00edticos, Vereadores e Prefeitos - Cria\u00e7\u00e3o de Site Barato por 49,90 - Vai de Site\",\"isPartOf\":{\"@id\":\"https:\\\/\\\/vaidesite.com\\\/#website\"},\"primaryImageOfPage\":{\"@id\":\"https:\\\/\\\/vaidesite.com\\\/loja\\\/criacao-de-site-barato\\\/criacao-de-site-para-politicos-vereadores-e-prefeitos\\\/#primaryimage\"},\"image\":{\"@id\":\"https:\\\/\\\/vaidesite.com\\\/loja\\\/criacao-de-site-barato\\\/criacao-de-site-para-politicos-vereadores-e-prefeitos\\\/#primaryimage\"},\"thumbnailUrl\":\"https:\\\/\\\/vaidesite.com\\\/wp-content\\\/uploads\\\/2024\\\/09\\\/criacao-de-site-para-politicos-vereadores-e-prefeitos-senadores-governadores-e-deputados.jpg\",\"datePublished\":\"2024-09-27T18:57:37+00:00\",\"dateModified\":\"2025-09-29T14:14:21+00:00\",\"description\":\"Cria\u00e7\u00e3o de Site para Pol\u00edticos, Vereadores, Prefeitos, Senadores, Governadores e Deputados Estaduais e Federais.\",\"breadcrumb\":{\"@id\":\"https:\\\/\\\/vaidesite.com\\\/loja\\\/criacao-de-site-barato\\\/criacao-de-site-para-politicos-vereadores-e-prefeitos\\\/#breadcrumb\"},\"inLanguage\":\"en-US\",\"potentialAction\":[{\"@type\":\"ReadAction\",\"target\":[\"https:\\\/\\\/vaidesite.com\\\/loja\\\/criacao-de-site-barato\\\/criacao-de-site-para-politicos-vereadores-e-prefeitos\\\/\"]}]},{\"@type\":\"ImageObject\",\"inLanguage\":\"en-US\",\"@id\":\"https:\\\/\\\/vaidesite.com\\\/loja\\\/criacao-de-site-barato\\\/criacao-de-site-para-politicos-vereadores-e-prefeitos\\\/#primaryimage\",\"url\":\"https:\\\/\\\/vaidesite.com\\\/wp-content\\\/uploads\\\/2024\\\/09\\\/criacao-de-site-para-politicos-vereadores-e-prefeitos-senadores-governadores-e-deputados.jpg\",\"contentUrl\":\"https:\\\/\\\/vaidesite.com\\\/wp-content\\\/uploads\\\/2024\\\/09\\\/criacao-de-site-para-politicos-vereadores-e-prefeitos-senadores-governadores-e-deputados.jpg\",\"width\":550,\"height\":849,\"caption\":\"Cria\u00e7\u00e3o de Site para Pol\u00edticos, Vereadores, Prefeitos, Senadores, Governadores e Deputados Estaduais e Federais\"},{\"@type\":\"BreadcrumbList\",\"@id\":\"https:\\\/\\\/vaidesite.com\\\/loja\\\/criacao-de-site-barato\\\/criacao-de-site-para-politicos-vereadores-e-prefeitos\\\/#breadcrumb\",\"itemListElement\":[{\"@type\":\"ListItem\",\"position\":1,\"name\":\"In\u00edcio\",\"item\":\"https:\\\/\\\/vaidesite.com\\\/\"},{\"@type\":\"ListItem\",\"position\":2,\"name\":\"Cria\u00e7\u00e3o de Site Profissional a partir de 49,90 mensais\",\"item\":\"https:\\\/\\\/vaidesite.com\\\/loja\\\/\"},{\"@type\":\"ListItem\",\"position\":3,\"name\":\"Cria\u00e7\u00e3o de Site para Pol\u00edticos, Vereadores e Prefeitos\"}]},{\"@type\":\"WebSite\",\"@id\":\"https:\\\/\\\/vaidesite.com\\\/#website\",\"url\":\"https:\\\/\\\/vaidesite.com\\\/\",\"name\":\"Cria\u00e7\u00e3o de Site Barato por 49,90 - Vai de Site\",\"description\":\"Cria\u00e7\u00e3o e desenvolvimento de site barato em Wordpress. De Curitiba para todo o Brasil! \",\"potentialAction\":[{\"@type\":\"SearchAction\",\"target\":{\"@type\":\"EntryPoint\",\"urlTemplate\":\"https:\\\/\\\/vaidesite.com\\\/?s={search_term_string}\"},\"query-input\":{\"@type\":\"PropertyValueSpecification\",\"valueRequired\":true,\"valueName\":\"search_term_string\"}}],\"inLanguage\":\"en-US\"}]}<\/script>\n<!-- \/ Yoast SEO plugin. -->","yoast_head_json":{"title":"Cria\u00e7\u00e3o de Site para Pol\u00edticos, Vereadores e Prefeitos - Cria\u00e7\u00e3o de Site Barato por 49,90 - Vai de Site","description":"Cria\u00e7\u00e3o de Site para Pol\u00edticos, Vereadores, Prefeitos, Senadores, Governadores e Deputados Estaduais e Federais.","robots":{"index":"index","follow":"follow","max-snippet":"max-snippet:-1","max-image-preview":"max-image-preview:large","max-video-preview":"max-video-preview:-1"},"canonical":"https:\/\/vaidesite.com\/en\/loja\/criacao-de-site-barato\/criacao-de-site-para-politicos-vereadores-e-prefeitos\/","og_locale":"en_US","og_type":"article","og_title":"Cria\u00e7\u00e3o de Site para Pol\u00edticos, Vereadores e Prefeitos - Cria\u00e7\u00e3o de Site Barato por 49,90 - Vai de Site","og_description":"Cria\u00e7\u00e3o de Site para Pol\u00edticos, Vereadores, Prefeitos, Senadores, Governadores e Deputados Estaduais e Federais.","og_url":"https:\/\/vaidesite.com\/en\/loja\/criacao-de-site-barato\/criacao-de-site-para-politicos-vereadores-e-prefeitos\/","og_site_name":"Cria\u00e7\u00e3o de Site Barato por 49,90 - Vai de Site","article_modified_time":"2025-09-29T14:14:21+00:00","og_image":[{"width":550,"height":849,"url":"https:\/\/vaidesite.com\/wp-content\/uploads\/2024\/09\/criacao-de-site-para-politicos-vereadores-e-prefeitos-senadores-governadores-e-deputados.jpg","type":"image\/jpeg"}],"twitter_card":"summary_large_image","twitter_misc":{"Est. reading time":"1 minute"},"schema":{"@context":"https:\/\/schema.org","@graph":[{"@type":"WebPage","@id":"https:\/\/vaidesite.com\/loja\/criacao-de-site-barato\/criacao-de-site-para-politicos-vereadores-e-prefeitos\/","url":"https:\/\/vaidesite.com\/loja\/criacao-de-site-barato\/criacao-de-site-para-politicos-vereadores-e-prefeitos\/","name":"Cria\u00e7\u00e3o de Site para Pol\u00edticos, Vereadores e Prefeitos - Cria\u00e7\u00e3o de Site Barato por 49,90 - Vai de Site","isPartOf":{"@id":"https:\/\/vaidesite.com\/#website"},"primaryImageOfPage":{"@id":"https:\/\/vaidesite.com\/loja\/criacao-de-site-barato\/criacao-de-site-para-politicos-vereadores-e-prefeitos\/#primaryimage"},"image":{"@id":"https:\/\/vaidesite.com\/loja\/criacao-de-site-barato\/criacao-de-site-para-politicos-vereadores-e-prefeitos\/#primaryimage"},"thumbnailUrl":"https:\/\/vaidesite.com\/wp-content\/uploads\/2024\/09\/criacao-de-site-para-politicos-vereadores-e-prefeitos-senadores-governadores-e-deputados.jpg","datePublished":"2024-09-27T18:57:37+00:00","dateModified":"2025-09-29T14:14:21+00:00","description":"Cria\u00e7\u00e3o de Site para Pol\u00edticos, Vereadores, Prefeitos, Senadores, Governadores e Deputados Estaduais e Federais.","breadcrumb":{"@id":"https:\/\/vaidesite.com\/loja\/criacao-de-site-barato\/criacao-de-site-para-politicos-vereadores-e-prefeitos\/#breadcrumb"},"inLanguage":"en-US","potentialAction":[{"@type":"ReadAction","target":["https:\/\/vaidesite.com\/loja\/criacao-de-site-barato\/criacao-de-site-para-politicos-vereadores-e-prefeitos\/"]}]},{"@type":"ImageObject","inLanguage":"en-US","@id":"https:\/\/vaidesite.com\/loja\/criacao-de-site-barato\/criacao-de-site-para-politicos-vereadores-e-prefeitos\/#primaryimage","url":"https:\/\/vaidesite.com\/wp-content\/uploads\/2024\/09\/criacao-de-site-para-politicos-vereadores-e-prefeitos-senadores-governadores-e-deputados.jpg","contentUrl":"https:\/\/vaidesite.com\/wp-content\/uploads\/2024\/09\/criacao-de-site-para-politicos-vereadores-e-prefeitos-senadores-governadores-e-deputados.jpg","width":550,"height":849,"caption":"Cria\u00e7\u00e3o de Site para Pol\u00edticos, Vereadores, Prefeitos, Senadores, Governadores e Deputados Estaduais e Federais"},{"@type":"BreadcrumbList","@id":"https:\/\/vaidesite.com\/loja\/criacao-de-site-barato\/criacao-de-site-para-politicos-vereadores-e-prefeitos\/#breadcrumb","itemListElement":[{"@type":"ListItem","position":1,"name":"In\u00edcio","item":"https:\/\/vaidesite.com\/"},{"@type":"ListItem","position":2,"name":"Cria\u00e7\u00e3o de Site Profissional a partir de 49,90 mensais","item":"https:\/\/vaidesite.com\/loja\/"},{"@type":"ListItem","position":3,"name":"Cria\u00e7\u00e3o de Site para Pol\u00edticos, Vereadores e Prefeitos"}]},{"@type":"WebSite","@id":"https:\/\/vaidesite.com\/#website","url":"https:\/\/vaidesite.com\/","name":"Cria\u00e7\u00e3o de Site Barato por 49,90 - Vai de Site","description":"Cria\u00e7\u00e3o e desenvolvimento de site barato em Wordpress. De Curitiba para todo o Brasil!","potentialAction":[{"@type":"SearchAction","target":{"@type":"EntryPoint","urlTemplate":"https:\/\/vaidesite.com\/?s={search_term_string}"},"query-input":{"@type":"PropertyValueSpecification","valueRequired":true,"valueName":"search_term_string"}}],"inLanguage":"en-US"}]}},"_links":{"self":[{"href":"https:\/\/vaidesite.com\/en\/wp-json\/wp\/v2\/product\/8565","targetHints":{"allow":["GET"]}}],"collection":[{"href":"https:\/\/vaidesite.com\/en\/wp-json\/wp\/v2\/product"}],"about":[{"href":"https:\/\/vaidesite.com\/en\/wp-json\/wp\/v2\/types\/product"}],"replies":[{"embeddable":true,"href":"https:\/\/vaidesite.com\/en\/wp-json\/wp\/v2\/comments?post=8565"}],"wp:featuredmedia":[{"embeddable":true,"href":"https:\/\/vaidesite.com\/en\/wp-json\/wp\/v2\/media\/8568"}],"wp:attachment":[{"href":"https:\/\/vaidesite.com\/en\/wp-json\/wp\/v2\/media?parent=8565"}],"wp:term":[{"taxonomy":"product_brand","embeddable":true,"href":"https:\/\/vaidesite.com\/en\/wp-json\/wp\/v2\/product_brand?post=8565"},{"taxonomy":"product_cat","embeddable":true,"href":"https:\/\/vaidesite.com\/en\/wp-json\/wp\/v2\/product_cat?post=8565"},{"taxonomy":"product_tag","embeddable":true,"href":"https:\/\/vaidesite.com\/en\/wp-json\/wp\/v2\/product_tag?post=8565"}],"curies":[{"name":"wp","href":"https:\/\/api.w.org\/{rel}","templated":true}]}}