{"id":9578,"date":"2025-06-12T18:01:55","date_gmt":"2025-06-12T21:01:55","guid":{"rendered":"https:\/\/vaidesite.com\/?post_type=product&#038;p=9578"},"modified":"2026-01-29T22:00:37","modified_gmt":"2026-01-30T01:00:37","slug":"criacao-de-site-barato-para-corretor-de-imoveis-corretor-de-seguros-em-itapema","status":"publish","type":"product","link":"https:\/\/vaidesite.com\/en\/loja\/criacao-de-site-barato\/criacao-de-site-barato-para-corretor-de-imoveis-corretor-de-seguros-em-itapema\/","title":{"rendered":"Cria\u00e7\u00e3o de Site Barato para Corretor de Im\u00f3veis, Corretor de Seguros em Itapema"},"content":{"rendered":"<div class=\"wpb-content-wrapper\"><div data-vc-full-width=\"true\" data-vc-full-width-temp=\"true\" data-vc-full-width-init=\"false\" data-vc-stretch-content=\"true\" class=\"vc_row wpb_row vc_row-fluid vc_row-no-padding wd-rs-648ef54a9f2b7\"><div class=\"wpb_column vc_column_container vc_col-sm-12 wd-rs-648efd270f8e2\"><div class=\"vc_column-inner\"><div class=\"wpb_wrapper\"><div  class=\"vc_wp_text wpb_content_element\"><div class=\"widget widget_text\">\t\t\t<div class=\"textwidget\"><p><iframe src=\"\/criacao-de-site-para-corretor-de-imoveis-corretor-de-seguros-em-itapema-porto-belo-e-camboriu\/\" width=\"100%\"><span data-mce-type=\"bookmark\" style=\"display: inline-block; width: 0px; overflow: hidden; line-height: 0;\" class=\"mce_SELRES_start\"><\/span><span data-mce-type=\"bookmark\" style=\"display: inline-block; width: 0px; overflow: hidden; line-height: 0;\" class=\"mce_SELRES_start\"><\/span><\/iframe><\/p>\n<\/div>\n\t\t<\/div><\/div><\/div><\/div><\/div><\/div><div class=\"vc_row-full-width vc_clearfix\"><\/div>\n<\/div>","protected":false},"excerpt":{"rendered":"<p><strong>Cria\u00e7\u00e3o e Desenvolvimento de Site Barato para Corretor de Im\u00f3veis, Corretor de Seguros e Construtoras em Itapema, Porto Belo e Balne\u00e1rio Cambori\u00fa<\/strong><\/p>\n<p>Desenvolvimento de Site de p\u00e1gina \u00fanica (LP), com banner para destaque ao servi\u00e7o prestado, <strong>galeria de fotos<\/strong>, <strong>Depoimentos<\/strong>, e <strong>FAQ<\/strong> para responder a principais d\u00favidas do seu cliente, desenvolvido em <strong>Wordpress<\/strong>.<\/p>\n<p>Alguns dos objetivos s\u00e3o, demostrar seu produto, sua marca, ou sua empresa.<br \/>\nA <strong>Hospedagem do Site \u00e9 gratuita,<\/strong>\u00a0inclusa em todos nossos sites.<\/p>\n<p><strong>Site entregue Pronto em 3 dias. Com tudo Incluso. Simples assim!<\/strong><\/p>","protected":false},"featured_media":9619,"comment_status":"closed","ping_status":"closed","template":"","meta":{"_joinchat":[]},"product_brand":[],"product_cat":[22,50,30,43,34],"product_tag":[99,94,112,96,121,120,117,119,116,118,95,97],"class_list":{"0":"post-9578","1":"product","2":"type-product","3":"status-publish","4":"has-post-thumbnail","6":"product_cat-criacao-de-site-barato","7":"product_cat-criacao-de-site-responsivo","8":"product_cat-landing-page","9":"product_cat-site-criado-em-wordpress","10":"product_cat-site-por-assinatura","11":"product_tag-hospedagem-de-site-gratis","12":"product_tag-landing-page-de-alta-conversao","13":"product_tag-registro-de-dominio-gratuito","14":"product_tag-site-barato","15":"product_tag-site-barato-para-barbeiros","16":"product_tag-site-barato-para-cabelereiros","17":"product_tag-site-barato-para-centro-de-estetica","18":"product_tag-site-barato-para-manicures","19":"product_tag-site-barato-para-salao-de-beleza","20":"product_tag-site-barato-para-studio-de-beleza","21":"product_tag-site-em-wordpress","22":"product_tag-site-por-assinatura","24":"first","25":"instock","26":"sale","27":"shipping-taxable","28":"purchasable","29":"product-type-variable-subscription","30":"has-default-attributes"},"yoast_head":"<!-- This site is optimized with the Yoast SEO plugin v27.4 - https:\/\/yoast.com\/product\/yoast-seo-wordpress\/ -->\n<title>Cria\u00e7\u00e3o de Site Barato para Corretor de Im\u00f3veis, Corretor de Seguros em Itapema - Cria\u00e7\u00e3o de Site Barato por 49,90 - Vai de Site<\/title>\n<meta name=\"description\" content=\"Site barato e f\u00e1cil para empresas , site de p\u00e1gina \u00fanica, galeria de fotos, FAQ e Depoimentos, desenvolvido em Wordpress por apenas 79,90 por m\u00eas.\" \/>\n<meta name=\"robots\" content=\"index, follow, max-snippet:-1, max-image-preview:large, max-video-preview:-1\" \/>\n<link rel=\"canonical\" href=\"https:\/\/vaidesite.com\/en\/loja\/criacao-de-site-barato\/criacao-de-site-barato-para-corretor-de-imoveis-corretor-de-seguros-em-itapema\/\" \/>\n<meta property=\"og:locale\" content=\"en_US\" \/>\n<meta property=\"og:type\" content=\"article\" \/>\n<meta property=\"og:title\" content=\"Cria\u00e7\u00e3o de Site Barato para Corretor de Im\u00f3veis, Corretor de Seguros em Itapema - Cria\u00e7\u00e3o de Site Barato por 49,90 - Vai de Site\" \/>\n<meta property=\"og:description\" content=\"Site barato e f\u00e1cil para empresas , site de p\u00e1gina \u00fanica, galeria de fotos, FAQ e Depoimentos, desenvolvido em Wordpress por apenas 79,90 por m\u00eas.\" \/>\n<meta property=\"og:url\" content=\"https:\/\/vaidesite.com\/en\/loja\/criacao-de-site-barato\/criacao-de-site-barato-para-corretor-de-imoveis-corretor-de-seguros-em-itapema\/\" \/>\n<meta property=\"og:site_name\" content=\"Cria\u00e7\u00e3o de Site Barato por 49,90 - Vai de Site\" \/>\n<meta property=\"article:modified_time\" content=\"2026-01-30T01:00:37+00:00\" \/>\n<meta property=\"og:image\" content=\"https:\/\/vaidesite.com\/wp-content\/uploads\/2025\/06\/criacao-de-site-barato-para-corretor-de-imoveis-corretor-de-seguros-e-imobiliaria-em-itapema-scaled.jpeg\" \/>\n\t<meta property=\"og:image:width\" content=\"1440\" \/>\n\t<meta property=\"og:image:height\" content=\"2560\" \/>\n\t<meta property=\"og:image:type\" content=\"image\/jpeg\" \/>\n<meta name=\"twitter:card\" content=\"summary_large_image\" \/>\n<meta name=\"twitter:label1\" content=\"Est. reading time\" \/>\n\t<meta name=\"twitter:data1\" content=\"1 minute\" \/>\n<script type=\"application\/ld+json\" class=\"yoast-schema-graph\">{\"@context\":\"https:\\\/\\\/schema.org\",\"@graph\":[{\"@type\":\"WebPage\",\"@id\":\"https:\\\/\\\/vaidesite.com\\\/loja\\\/criacao-de-site-barato\\\/criacao-de-site-barato-para-corretor-de-imoveis-corretor-de-seguros-em-itapema\\\/\",\"url\":\"https:\\\/\\\/vaidesite.com\\\/loja\\\/criacao-de-site-barato\\\/criacao-de-site-barato-para-corretor-de-imoveis-corretor-de-seguros-em-itapema\\\/\",\"name\":\"Cria\u00e7\u00e3o de Site Barato para Corretor de Im\u00f3veis, Corretor de Seguros em Itapema - Cria\u00e7\u00e3o de Site Barato por 49,90 - Vai de Site\",\"isPartOf\":{\"@id\":\"https:\\\/\\\/vaidesite.com\\\/#website\"},\"primaryImageOfPage\":{\"@id\":\"https:\\\/\\\/vaidesite.com\\\/loja\\\/criacao-de-site-barato\\\/criacao-de-site-barato-para-corretor-de-imoveis-corretor-de-seguros-em-itapema\\\/#primaryimage\"},\"image\":{\"@id\":\"https:\\\/\\\/vaidesite.com\\\/loja\\\/criacao-de-site-barato\\\/criacao-de-site-barato-para-corretor-de-imoveis-corretor-de-seguros-em-itapema\\\/#primaryimage\"},\"thumbnailUrl\":\"https:\\\/\\\/vaidesite.com\\\/wp-content\\\/uploads\\\/2025\\\/06\\\/criacao-de-site-barato-para-corretor-de-imoveis-corretor-de-seguros-e-imobiliaria-em-itapema-scaled.jpeg\",\"datePublished\":\"2025-06-12T21:01:55+00:00\",\"dateModified\":\"2026-01-30T01:00:37+00:00\",\"description\":\"Site barato e f\u00e1cil para empresas , site de p\u00e1gina \u00fanica, galeria de fotos, FAQ e Depoimentos, desenvolvido em Wordpress por apenas 79,90 por m\u00eas.\",\"breadcrumb\":{\"@id\":\"https:\\\/\\\/vaidesite.com\\\/loja\\\/criacao-de-site-barato\\\/criacao-de-site-barato-para-corretor-de-imoveis-corretor-de-seguros-em-itapema\\\/#breadcrumb\"},\"inLanguage\":\"en-US\",\"potentialAction\":[{\"@type\":\"ReadAction\",\"target\":[\"https:\\\/\\\/vaidesite.com\\\/loja\\\/criacao-de-site-barato\\\/criacao-de-site-barato-para-corretor-de-imoveis-corretor-de-seguros-em-itapema\\\/\"]}]},{\"@type\":\"ImageObject\",\"inLanguage\":\"en-US\",\"@id\":\"https:\\\/\\\/vaidesite.com\\\/loja\\\/criacao-de-site-barato\\\/criacao-de-site-barato-para-corretor-de-imoveis-corretor-de-seguros-em-itapema\\\/#primaryimage\",\"url\":\"https:\\\/\\\/vaidesite.com\\\/wp-content\\\/uploads\\\/2025\\\/06\\\/criacao-de-site-barato-para-corretor-de-imoveis-corretor-de-seguros-e-imobiliaria-em-itapema-scaled.jpeg\",\"contentUrl\":\"https:\\\/\\\/vaidesite.com\\\/wp-content\\\/uploads\\\/2025\\\/06\\\/criacao-de-site-barato-para-corretor-de-imoveis-corretor-de-seguros-e-imobiliaria-em-itapema-scaled.jpeg\",\"width\":1440,\"height\":2560,\"caption\":\"Cria\u00e7\u00e3o de Site Barato para Corretor de Im\u00f3veis, Corretor de Seguros em Itapema\"},{\"@type\":\"BreadcrumbList\",\"@id\":\"https:\\\/\\\/vaidesite.com\\\/loja\\\/criacao-de-site-barato\\\/criacao-de-site-barato-para-corretor-de-imoveis-corretor-de-seguros-em-itapema\\\/#breadcrumb\",\"itemListElement\":[{\"@type\":\"ListItem\",\"position\":1,\"name\":\"In\u00edcio\",\"item\":\"https:\\\/\\\/vaidesite.com\\\/\"},{\"@type\":\"ListItem\",\"position\":2,\"name\":\"Cria\u00e7\u00e3o de Site Profissional a partir de 49,90 mensais\",\"item\":\"https:\\\/\\\/vaidesite.com\\\/loja\\\/\"},{\"@type\":\"ListItem\",\"position\":3,\"name\":\"Cria\u00e7\u00e3o de Site Barato para Corretor de Im\u00f3veis, Corretor de Seguros em Itapema\"}]},{\"@type\":\"WebSite\",\"@id\":\"https:\\\/\\\/vaidesite.com\\\/#website\",\"url\":\"https:\\\/\\\/vaidesite.com\\\/\",\"name\":\"Cria\u00e7\u00e3o de Site Barato por 49,90 - Vai de Site\",\"description\":\"Cria\u00e7\u00e3o e desenvolvimento de site barato em Wordpress. De Curitiba para todo o Brasil! \",\"potentialAction\":[{\"@type\":\"SearchAction\",\"target\":{\"@type\":\"EntryPoint\",\"urlTemplate\":\"https:\\\/\\\/vaidesite.com\\\/?s={search_term_string}\"},\"query-input\":{\"@type\":\"PropertyValueSpecification\",\"valueRequired\":true,\"valueName\":\"search_term_string\"}}],\"inLanguage\":\"en-US\"}]}<\/script>\n<!-- \/ Yoast SEO plugin. -->","yoast_head_json":{"title":"Cria\u00e7\u00e3o de Site Barato para Corretor de Im\u00f3veis, Corretor de Seguros em Itapema - Cria\u00e7\u00e3o de Site Barato por 49,90 - Vai de Site","description":"Site barato e f\u00e1cil para empresas , site de p\u00e1gina \u00fanica, galeria de fotos, FAQ e Depoimentos, desenvolvido em Wordpress por apenas 79,90 por m\u00eas.","robots":{"index":"index","follow":"follow","max-snippet":"max-snippet:-1","max-image-preview":"max-image-preview:large","max-video-preview":"max-video-preview:-1"},"canonical":"https:\/\/vaidesite.com\/en\/loja\/criacao-de-site-barato\/criacao-de-site-barato-para-corretor-de-imoveis-corretor-de-seguros-em-itapema\/","og_locale":"en_US","og_type":"article","og_title":"Cria\u00e7\u00e3o de Site Barato para Corretor de Im\u00f3veis, Corretor de Seguros em Itapema - Cria\u00e7\u00e3o de Site Barato por 49,90 - Vai de Site","og_description":"Site barato e f\u00e1cil para empresas , site de p\u00e1gina \u00fanica, galeria de fotos, FAQ e Depoimentos, desenvolvido em Wordpress por apenas 79,90 por m\u00eas.","og_url":"https:\/\/vaidesite.com\/en\/loja\/criacao-de-site-barato\/criacao-de-site-barato-para-corretor-de-imoveis-corretor-de-seguros-em-itapema\/","og_site_name":"Cria\u00e7\u00e3o de Site Barato por 49,90 - Vai de Site","article_modified_time":"2026-01-30T01:00:37+00:00","og_image":[{"width":1440,"height":2560,"url":"https:\/\/vaidesite.com\/wp-content\/uploads\/2025\/06\/criacao-de-site-barato-para-corretor-de-imoveis-corretor-de-seguros-e-imobiliaria-em-itapema-scaled.jpeg","type":"image\/jpeg"}],"twitter_card":"summary_large_image","twitter_misc":{"Est. reading time":"1 minute"},"schema":{"@context":"https:\/\/schema.org","@graph":[{"@type":"WebPage","@id":"https:\/\/vaidesite.com\/loja\/criacao-de-site-barato\/criacao-de-site-barato-para-corretor-de-imoveis-corretor-de-seguros-em-itapema\/","url":"https:\/\/vaidesite.com\/loja\/criacao-de-site-barato\/criacao-de-site-barato-para-corretor-de-imoveis-corretor-de-seguros-em-itapema\/","name":"Cria\u00e7\u00e3o de Site Barato para Corretor de Im\u00f3veis, Corretor de Seguros em Itapema - Cria\u00e7\u00e3o de Site Barato por 49,90 - Vai de Site","isPartOf":{"@id":"https:\/\/vaidesite.com\/#website"},"primaryImageOfPage":{"@id":"https:\/\/vaidesite.com\/loja\/criacao-de-site-barato\/criacao-de-site-barato-para-corretor-de-imoveis-corretor-de-seguros-em-itapema\/#primaryimage"},"image":{"@id":"https:\/\/vaidesite.com\/loja\/criacao-de-site-barato\/criacao-de-site-barato-para-corretor-de-imoveis-corretor-de-seguros-em-itapema\/#primaryimage"},"thumbnailUrl":"https:\/\/vaidesite.com\/wp-content\/uploads\/2025\/06\/criacao-de-site-barato-para-corretor-de-imoveis-corretor-de-seguros-e-imobiliaria-em-itapema-scaled.jpeg","datePublished":"2025-06-12T21:01:55+00:00","dateModified":"2026-01-30T01:00:37+00:00","description":"Site barato e f\u00e1cil para empresas , site de p\u00e1gina \u00fanica, galeria de fotos, FAQ e Depoimentos, desenvolvido em Wordpress por apenas 79,90 por m\u00eas.","breadcrumb":{"@id":"https:\/\/vaidesite.com\/loja\/criacao-de-site-barato\/criacao-de-site-barato-para-corretor-de-imoveis-corretor-de-seguros-em-itapema\/#breadcrumb"},"inLanguage":"en-US","potentialAction":[{"@type":"ReadAction","target":["https:\/\/vaidesite.com\/loja\/criacao-de-site-barato\/criacao-de-site-barato-para-corretor-de-imoveis-corretor-de-seguros-em-itapema\/"]}]},{"@type":"ImageObject","inLanguage":"en-US","@id":"https:\/\/vaidesite.com\/loja\/criacao-de-site-barato\/criacao-de-site-barato-para-corretor-de-imoveis-corretor-de-seguros-em-itapema\/#primaryimage","url":"https:\/\/vaidesite.com\/wp-content\/uploads\/2025\/06\/criacao-de-site-barato-para-corretor-de-imoveis-corretor-de-seguros-e-imobiliaria-em-itapema-scaled.jpeg","contentUrl":"https:\/\/vaidesite.com\/wp-content\/uploads\/2025\/06\/criacao-de-site-barato-para-corretor-de-imoveis-corretor-de-seguros-e-imobiliaria-em-itapema-scaled.jpeg","width":1440,"height":2560,"caption":"Cria\u00e7\u00e3o de Site Barato para Corretor de Im\u00f3veis, Corretor de Seguros em Itapema"},{"@type":"BreadcrumbList","@id":"https:\/\/vaidesite.com\/loja\/criacao-de-site-barato\/criacao-de-site-barato-para-corretor-de-imoveis-corretor-de-seguros-em-itapema\/#breadcrumb","itemListElement":[{"@type":"ListItem","position":1,"name":"In\u00edcio","item":"https:\/\/vaidesite.com\/"},{"@type":"ListItem","position":2,"name":"Cria\u00e7\u00e3o de Site Profissional a partir de 49,90 mensais","item":"https:\/\/vaidesite.com\/loja\/"},{"@type":"ListItem","position":3,"name":"Cria\u00e7\u00e3o de Site Barato para Corretor de Im\u00f3veis, Corretor de Seguros em Itapema"}]},{"@type":"WebSite","@id":"https:\/\/vaidesite.com\/#website","url":"https:\/\/vaidesite.com\/","name":"Cria\u00e7\u00e3o de Site Barato por 49,90 - Vai de Site","description":"Cria\u00e7\u00e3o e desenvolvimento de site barato em Wordpress. De Curitiba para todo o Brasil!","potentialAction":[{"@type":"SearchAction","target":{"@type":"EntryPoint","urlTemplate":"https:\/\/vaidesite.com\/?s={search_term_string}"},"query-input":{"@type":"PropertyValueSpecification","valueRequired":true,"valueName":"search_term_string"}}],"inLanguage":"en-US"}]}},"_links":{"self":[{"href":"https:\/\/vaidesite.com\/en\/wp-json\/wp\/v2\/product\/9578","targetHints":{"allow":["GET"]}}],"collection":[{"href":"https:\/\/vaidesite.com\/en\/wp-json\/wp\/v2\/product"}],"about":[{"href":"https:\/\/vaidesite.com\/en\/wp-json\/wp\/v2\/types\/product"}],"replies":[{"embeddable":true,"href":"https:\/\/vaidesite.com\/en\/wp-json\/wp\/v2\/comments?post=9578"}],"wp:featuredmedia":[{"embeddable":true,"href":"https:\/\/vaidesite.com\/en\/wp-json\/wp\/v2\/media\/9619"}],"wp:attachment":[{"href":"https:\/\/vaidesite.com\/en\/wp-json\/wp\/v2\/media?parent=9578"}],"wp:term":[{"taxonomy":"product_brand","embeddable":true,"href":"https:\/\/vaidesite.com\/en\/wp-json\/wp\/v2\/product_brand?post=9578"},{"taxonomy":"product_cat","embeddable":true,"href":"https:\/\/vaidesite.com\/en\/wp-json\/wp\/v2\/product_cat?post=9578"},{"taxonomy":"product_tag","embeddable":true,"href":"https:\/\/vaidesite.com\/en\/wp-json\/wp\/v2\/product_tag?post=9578"}],"curies":[{"name":"wp","href":"https:\/\/api.w.org\/{rel}","templated":true}]}}